{"id":149,"date":"2015-08-13T11:53:46","date_gmt":"2015-08-13T09:53:46","guid":{"rendered":"http:\/\/www.kramakrama.com\/de\/?page_id=149"},"modified":"2025-03-07T16:22:11","modified_gmt":"2025-03-07T14:22:11","slug":"pflege-ihres-krama-schals","status":"publish","type":"page","link":"https:\/\/www.kramakrama.com\/de\/pflege-ihres-krama-schals","title":{"rendered":"Pflege Ihres Krama schals"},"content":{"rendered":"\t\t<div data-elementor-type=\"wp-page\" data-elementor-id=\"149\" class=\"elementor elementor-149\" data-elementor-post-type=\"page\">\n\t\t\t\t<div class=\"elementor-element elementor-element-99ccabb e-flex e-con-boxed glozin-responsive-column glozin-tablet-column--default glozin-responsive-column glozin-mobile-column--default e-con e-parent\" data-id=\"99ccabb\" data-element_type=\"container\" data-e-type=\"container\" data-settings=\"{&quot;ekit_has_onepagescroll_dot&quot;:&quot;yes&quot;}\">\n\t\t\t\t\t<div class=\"e-con-inner\">\n\t\t<div class=\"elementor-element elementor-element-df3de8a e-con-full e-flex glozin-responsive-column glozin-tablet-column--default glozin-responsive-column glozin-mobile-column--default e-con e-child\" data-id=\"df3de8a\" data-element_type=\"container\" data-e-type=\"container\" data-settings=\"{&quot;ekit_has_onepagescroll_dot&quot;:&quot;yes&quot;}\">\n\t\t\t\t<div class=\"elementor-element elementor-element-0e36b11 elementor-widget elementor-widget-text-editor\" data-id=\"0e36b11\" data-element_type=\"widget\" data-e-type=\"widget\" data-settings=\"{&quot;ekit_we_effect_on&quot;:&quot;none&quot;}\" data-widget_type=\"text-editor.default\">\n\t\t\t\t<div class=\"elementor-widget-container\">\n\t\t\t\t\t\t\t\t\t<p><strong>Wie pflege ich mein zauberhaftes Krama?<\/strong><\/p><p>In Kambodscha wird Kindern oft ein Krama-Schal geschenkt, den sie einen Gro\u00dfteil ihres Lebens lang behalten, was zeigt, wie strapazierf\u00e4hig der Schal ist.<\/p><p>Jeder kambodschanische Krama-Schal ist handgefertigt und besteht vollst\u00e4ndig aus Baumwolle oder Baumwolle + Seide.<\/p><p>Diese Pflanzenfaser ist sehr saugf\u00e4hig und isolierend. Das bedeutet, dass das Tragen eines Baumwollschals im warmen Sommer genauso angenehm ist wie im kalten Winter. <b>Baumwolle ist nicht empfindlich<\/b>. Mit anderen Worten: Sie k\u00f6nnen Ihren Schal in der Waschmaschine waschen, ohne ihn zu besch\u00e4digen. Vermeiden Sie jedoch sehr hohe Temperaturen. Wir empfehlen Ihnen, Ihren Schal bei Temperaturen zwischen 30 und 40 \u00b0C zu waschen. Dies ist der ideale Temperaturbereich, um den Baumwollschal weich zu machen und zu reinigen. Sie k\u00f6nnen Ihren Schal auch b\u00fcgeln. Mit der Zeit werden diese Schals durch Gebrauch und Reinigung immer geschmeidiger und flexibler und zeigen so all ihre wunderbaren Eigenschaften.<\/p><p><b>Baumwoll- und Seidenschals<\/b> mit Naturfarben m\u00fcssen von Hand gewaschen werden, um sie nicht zu besch\u00e4digen. Auch das B\u00fcgeln ist verboten, um die Seide des Stoffes nicht zu besch\u00e4digen.<\/p>\t\t\t\t\t\t\t\t<\/div>\n\t\t\t\t<\/div>\n\t\t\t\t<\/div>\n\t\t<div class=\"elementor-element elementor-element-240bed3 e-con-full e-flex glozin-responsive-column glozin-tablet-column--default glozin-responsive-column glozin-mobile-column--default e-con e-child\" data-id=\"240bed3\" data-element_type=\"container\" data-e-type=\"container\" data-settings=\"{&quot;ekit_has_onepagescroll_dot&quot;:&quot;yes&quot;}\">\n\t\t\t\t<div class=\"elementor-element elementor-element-e34ad43 elementor-widget elementor-widget-image\" data-id=\"e34ad43\" data-element_type=\"widget\" data-e-type=\"widget\" data-settings=\"{&quot;ekit_we_effect_on&quot;:&quot;none&quot;}\" data-widget_type=\"image.default\">\n\t\t\t\t<div class=\"elementor-widget-container\">\n\t\t\t\t\t\t\t\t\t\t\t\t\t\t\t<img fetchpriority=\"high\" decoding=\"async\" width=\"640\" height=\"640\" src=\"https:\/\/www.kramakrama.com\/de\/wp-content\/uploads\/2015\/08\/etikett-krama-schal.jpg\" class=\"attachment-large size-large wp-image-214\" alt=\"etikett krama schal\" srcset=\"https:\/\/www.kramakrama.com\/de\/wp-content\/uploads\/2015\/08\/etikett-krama-schal.jpg 640w, https:\/\/www.kramakrama.com\/de\/wp-content\/uploads\/2015\/08\/etikett-krama-schal-130x130.jpg 130w, https:\/\/www.kramakrama.com\/de\/wp-content\/uploads\/2015\/08\/etikett-krama-schal-150x150.jpg 150w, https:\/\/www.kramakrama.com\/de\/wp-content\/uploads\/2015\/08\/etikett-krama-schal-300x300.jpg 300w, https:\/\/www.kramakrama.com\/de\/wp-content\/uploads\/2015\/08\/etikett-krama-schal-100x100.jpg 100w\" sizes=\"(max-width: 640px) 100vw, 640px\" \/>\t\t\t\t\t\t\t\t\t\t\t\t\t\t\t<\/div>\n\t\t\t\t<\/div>\n\t\t\t\t<\/div>\n\t\t\t\t\t<\/div>\n\t\t\t\t<\/div>\n\t\t\t\t<\/div>\n\t\t","protected":false},"excerpt":{"rendered":"<p>Wie pflege ich mein zauberhaftes Krama? In Kambodscha wird Kindern oft ein Krama-Schal geschenkt, den sie einen Gro\u00dfteil ihres Lebens lang behalten, was zeigt, wie strapazierf\u00e4hig der Schal ist. Jeder kambodschanische Krama-Schal ist handgefertigt und besteht vollst\u00e4ndig aus Baumwolle oder Baumwolle + Seide. Diese Pflanzenfaser ist sehr saugf\u00e4hig und isolierend. Das bedeutet, dass das Tragen [&hellip;]<\/p>\n","protected":false},"author":1,"featured_media":0,"parent":0,"menu_order":0,"comment_status":"closed","ping_status":"closed","template":"","meta":{"footnotes":""},"class_list":["post-149","page","type-page","status-publish","hentry"],"yoast_head":"<!-- This site is optimized with the Yoast SEO plugin v27.4 - https:\/\/yoast.com\/product\/yoast-seo-wordpress\/ -->\n<title>Pflege Ihres Krama schals - Krama Krama<\/title>\n<meta name=\"robots\" content=\"index, follow, max-snippet:-1, max-image-preview:large, max-video-preview:-1\" \/>\n<link rel=\"canonical\" href=\"https:\/\/www.kramakrama.com\/de\/pflege-ihres-krama-schals\" \/>\n<meta property=\"og:locale\" content=\"de_DE\" \/>\n<meta property=\"og:type\" content=\"article\" \/>\n<meta property=\"og:title\" content=\"Pflege Ihres Krama schals - Krama Krama\" \/>\n<meta property=\"og:description\" content=\"Wie pflege ich mein zauberhaftes Krama? In Kambodscha wird Kindern oft ein Krama-Schal geschenkt, den sie einen Gro\u00dfteil ihres Lebens lang behalten, was zeigt, wie strapazierf\u00e4hig der Schal ist. Jeder kambodschanische Krama-Schal ist handgefertigt und besteht vollst\u00e4ndig aus Baumwolle oder Baumwolle + Seide. Diese Pflanzenfaser ist sehr saugf\u00e4hig und isolierend. Das bedeutet, dass das Tragen [&hellip;]\" \/>\n<meta property=\"og:url\" content=\"https:\/\/www.kramakrama.com\/de\/pflege-ihres-krama-schals\" \/>\n<meta property=\"og:site_name\" content=\"Krama Krama\" \/>\n<meta property=\"article:modified_time\" content=\"2025-03-07T14:22:11+00:00\" \/>\n<meta property=\"og:image\" content=\"https:\/\/www.kramakrama.com\/de\/wp-content\/uploads\/2015\/08\/etikett-krama-schal.jpg\" \/>\n\t<meta property=\"og:image:width\" content=\"640\" \/>\n\t<meta property=\"og:image:height\" content=\"640\" \/>\n\t<meta property=\"og:image:type\" content=\"image\/jpeg\" \/>\n<meta name=\"twitter:card\" content=\"summary_large_image\" \/>\n<meta name=\"twitter:label1\" content=\"Gesch\u00e4tzte Lesezeit\" \/>\n\t<meta name=\"twitter:data1\" content=\"2\u00a0Minuten\" \/>\n<script type=\"application\/ld+json\" class=\"yoast-schema-graph\">{\"@context\":\"https:\\\/\\\/schema.org\",\"@graph\":[{\"@type\":\"WebPage\",\"@id\":\"https:\\\/\\\/www.kramakrama.com\\\/de\\\/pflege-ihres-krama-schals\",\"url\":\"https:\\\/\\\/www.kramakrama.com\\\/de\\\/pflege-ihres-krama-schals\",\"name\":\"Pflege Ihres Krama schals - Krama Krama\",\"isPartOf\":{\"@id\":\"https:\\\/\\\/www.kramakrama.com\\\/de\\\/#website\"},\"primaryImageOfPage\":{\"@id\":\"https:\\\/\\\/www.kramakrama.com\\\/de\\\/pflege-ihres-krama-schals#primaryimage\"},\"image\":{\"@id\":\"https:\\\/\\\/www.kramakrama.com\\\/de\\\/pflege-ihres-krama-schals#primaryimage\"},\"thumbnailUrl\":\"https:\\\/\\\/www.kramakrama.com\\\/de\\\/wp-content\\\/uploads\\\/2015\\\/08\\\/etikett-krama-schal.jpg\",\"datePublished\":\"2015-08-13T09:53:46+00:00\",\"dateModified\":\"2025-03-07T14:22:11+00:00\",\"breadcrumb\":{\"@id\":\"https:\\\/\\\/www.kramakrama.com\\\/de\\\/pflege-ihres-krama-schals#breadcrumb\"},\"inLanguage\":\"de\",\"potentialAction\":[{\"@type\":\"ReadAction\",\"target\":[\"https:\\\/\\\/www.kramakrama.com\\\/de\\\/pflege-ihres-krama-schals\"]}]},{\"@type\":\"ImageObject\",\"inLanguage\":\"de\",\"@id\":\"https:\\\/\\\/www.kramakrama.com\\\/de\\\/pflege-ihres-krama-schals#primaryimage\",\"url\":\"https:\\\/\\\/www.kramakrama.com\\\/de\\\/wp-content\\\/uploads\\\/2015\\\/08\\\/etikett-krama-schal.jpg\",\"contentUrl\":\"https:\\\/\\\/www.kramakrama.com\\\/de\\\/wp-content\\\/uploads\\\/2015\\\/08\\\/etikett-krama-schal.jpg\",\"width\":640,\"height\":640,\"caption\":\"etikett krama schal\"},{\"@type\":\"BreadcrumbList\",\"@id\":\"https:\\\/\\\/www.kramakrama.com\\\/de\\\/pflege-ihres-krama-schals#breadcrumb\",\"itemListElement\":[{\"@type\":\"ListItem\",\"position\":1,\"name\":\"Accueil\",\"item\":\"https:\\\/\\\/www.kramakrama.com\\\/de\\\/\"},{\"@type\":\"ListItem\",\"position\":2,\"name\":\"Pflege Ihres Krama schals\"}]},{\"@type\":\"WebSite\",\"@id\":\"https:\\\/\\\/www.kramakrama.com\\\/de\\\/#website\",\"url\":\"https:\\\/\\\/www.kramakrama.com\\\/de\\\/\",\"name\":\"Krama Krama\",\"description\":\"\",\"potentialAction\":[{\"@type\":\"SearchAction\",\"target\":{\"@type\":\"EntryPoint\",\"urlTemplate\":\"https:\\\/\\\/www.kramakrama.com\\\/de\\\/?s={search_term_string}\"},\"query-input\":{\"@type\":\"PropertyValueSpecification\",\"valueRequired\":true,\"valueName\":\"search_term_string\"}}],\"inLanguage\":\"de\"}]}<\/script>\n<!-- \/ Yoast SEO plugin. -->","yoast_head_json":{"title":"Pflege Ihres Krama schals - Krama Krama","robots":{"index":"index","follow":"follow","max-snippet":"max-snippet:-1","max-image-preview":"max-image-preview:large","max-video-preview":"max-video-preview:-1"},"canonical":"https:\/\/www.kramakrama.com\/de\/pflege-ihres-krama-schals","og_locale":"de_DE","og_type":"article","og_title":"Pflege Ihres Krama schals - Krama Krama","og_description":"Wie pflege ich mein zauberhaftes Krama? In Kambodscha wird Kindern oft ein Krama-Schal geschenkt, den sie einen Gro\u00dfteil ihres Lebens lang behalten, was zeigt, wie strapazierf\u00e4hig der Schal ist. Jeder kambodschanische Krama-Schal ist handgefertigt und besteht vollst\u00e4ndig aus Baumwolle oder Baumwolle + Seide. Diese Pflanzenfaser ist sehr saugf\u00e4hig und isolierend. Das bedeutet, dass das Tragen [&hellip;]","og_url":"https:\/\/www.kramakrama.com\/de\/pflege-ihres-krama-schals","og_site_name":"Krama Krama","article_modified_time":"2025-03-07T14:22:11+00:00","og_image":[{"width":640,"height":640,"url":"https:\/\/www.kramakrama.com\/de\/wp-content\/uploads\/2015\/08\/etikett-krama-schal.jpg","type":"image\/jpeg"}],"twitter_card":"summary_large_image","twitter_misc":{"Gesch\u00e4tzte Lesezeit":"2\u00a0Minuten"},"schema":{"@context":"https:\/\/schema.org","@graph":[{"@type":"WebPage","@id":"https:\/\/www.kramakrama.com\/de\/pflege-ihres-krama-schals","url":"https:\/\/www.kramakrama.com\/de\/pflege-ihres-krama-schals","name":"Pflege Ihres Krama schals - Krama Krama","isPartOf":{"@id":"https:\/\/www.kramakrama.com\/de\/#website"},"primaryImageOfPage":{"@id":"https:\/\/www.kramakrama.com\/de\/pflege-ihres-krama-schals#primaryimage"},"image":{"@id":"https:\/\/www.kramakrama.com\/de\/pflege-ihres-krama-schals#primaryimage"},"thumbnailUrl":"https:\/\/www.kramakrama.com\/de\/wp-content\/uploads\/2015\/08\/etikett-krama-schal.jpg","datePublished":"2015-08-13T09:53:46+00:00","dateModified":"2025-03-07T14:22:11+00:00","breadcrumb":{"@id":"https:\/\/www.kramakrama.com\/de\/pflege-ihres-krama-schals#breadcrumb"},"inLanguage":"de","potentialAction":[{"@type":"ReadAction","target":["https:\/\/www.kramakrama.com\/de\/pflege-ihres-krama-schals"]}]},{"@type":"ImageObject","inLanguage":"de","@id":"https:\/\/www.kramakrama.com\/de\/pflege-ihres-krama-schals#primaryimage","url":"https:\/\/www.kramakrama.com\/de\/wp-content\/uploads\/2015\/08\/etikett-krama-schal.jpg","contentUrl":"https:\/\/www.kramakrama.com\/de\/wp-content\/uploads\/2015\/08\/etikett-krama-schal.jpg","width":640,"height":640,"caption":"etikett krama schal"},{"@type":"BreadcrumbList","@id":"https:\/\/www.kramakrama.com\/de\/pflege-ihres-krama-schals#breadcrumb","itemListElement":[{"@type":"ListItem","position":1,"name":"Accueil","item":"https:\/\/www.kramakrama.com\/de\/"},{"@type":"ListItem","position":2,"name":"Pflege Ihres Krama schals"}]},{"@type":"WebSite","@id":"https:\/\/www.kramakrama.com\/de\/#website","url":"https:\/\/www.kramakrama.com\/de\/","name":"Krama Krama","description":"","potentialAction":[{"@type":"SearchAction","target":{"@type":"EntryPoint","urlTemplate":"https:\/\/www.kramakrama.com\/de\/?s={search_term_string}"},"query-input":{"@type":"PropertyValueSpecification","valueRequired":true,"valueName":"search_term_string"}}],"inLanguage":"de"}]}},"_links":{"self":[{"href":"https:\/\/www.kramakrama.com\/de\/wp-json\/wp\/v2\/pages\/149","targetHints":{"allow":["GET"]}}],"collection":[{"href":"https:\/\/www.kramakrama.com\/de\/wp-json\/wp\/v2\/pages"}],"about":[{"href":"https:\/\/www.kramakrama.com\/de\/wp-json\/wp\/v2\/types\/page"}],"author":[{"embeddable":true,"href":"https:\/\/www.kramakrama.com\/de\/wp-json\/wp\/v2\/users\/1"}],"replies":[{"embeddable":true,"href":"https:\/\/www.kramakrama.com\/de\/wp-json\/wp\/v2\/comments?post=149"}],"version-history":[{"count":8,"href":"https:\/\/www.kramakrama.com\/de\/wp-json\/wp\/v2\/pages\/149\/revisions"}],"predecessor-version":[{"id":6773,"href":"https:\/\/www.kramakrama.com\/de\/wp-json\/wp\/v2\/pages\/149\/revisions\/6773"}],"wp:attachment":[{"href":"https:\/\/www.kramakrama.com\/de\/wp-json\/wp\/v2\/media?parent=149"}],"curies":[{"name":"wp","href":"https:\/\/api.w.org\/{rel}","templated":true}]}}