{"id":152,"date":"2015-08-13T12:04:06","date_gmt":"2015-08-13T10:04:06","guid":{"rendered":"http:\/\/www.kramakrama.com\/de\/?page_id=152"},"modified":"2024-02-07T13:17:24","modified_gmt":"2024-02-07T11:17:24","slug":"faq","status":"publish","type":"page","link":"https:\/\/www.kramakrama.com\/de\/faq","title":{"rendered":"FAQ"},"content":{"rendered":"<h2>Die Krama Krama Produkte<\/h2>\n<p><strong>Wo werden die Krama T\u00fccher hergestellt?<\/strong><br \/>\nJedes Produkt wird handwerklich in Siem Reap (Nord-Westen von Kambodscha) hergestellt, nur wenige Kilometer von den ber\u00fchmten Angkor Tempeln entfernt.<\/p>\n<p><strong>Ist die Herstellung zu 100% handwerklich und 100% ethisch?<\/strong><br \/>\nJa, wir arbeiten in Kooperation mit einer kambodschanischen NRO (Nichtregierungsorganisation) die uns eine komplett handwerkliche Herstellung und eine gerechte Bezahlung der Weberinnen , welche direkt von der NRO ausgebildet werden, garantiert. Wir reisen regelm\u00e4ssig nach Siem Reap um uns ein Bild von den Arbeitsbedingungen der Weberinnen zu machen.<\/p>\n<p><strong>Sind die Krama Krama Produkte von guter Qualit\u00e4t?<\/strong><br \/>\nWir \u00fcberpr\u00fcfen pers\u00f6nlich jedes Schal und Produkt welches bei Krama Krama verkauft wird. Da jedoch jedes Produkt ein Unikat ist, kann es zu winzigen Unterschieden zwischen zwei Produkten der gleichen Kollektion kommen. Das macht unter anderem den Charme der handwerklichen Herstellung aus.<\/p>\n<p><strong>Wie lange dauert die Herstellung eines Baumwolltuchs?<\/strong><br \/>\nDie Herstellungsdauer variiert nach Gr\u00f6\u00dfe des Schals und Schwierigkeit des Motivs. F\u00fcr die Standardgr\u00f6\u00dfe (160x45cm), ben\u00f6tigt die Weberin \u00fcber 8 Stunden.<\/p>\n<p><strong>Wie pflege ich mein Krama?<\/strong><br \/>\n<a href=\"http:\/\/www.kramakrama.com\/de\/pflege-ihres-krama-schals\">Konsultieren Sie hierzu unsere der Tuchpflege gewidmete Seite<\/a><\/p>\n<h2>Kontakt<\/h2>\n<p><strong>Wie kann man Krama Krama kontaktieren?<\/strong><\/p>\n<p>Per E-Mail :<br \/>\nSie k\u00f6nnen uns per E-Mail unter hallo [at] kramakrama.com kontaktieren.<\/p>\n<h2>Auslieferung von Bestellungen<\/h2>\n<p><strong>Informationen zu den Lieferfristen<\/strong><br \/>\nDie Lieferung erfolgt aus Frankreich. Wenn Sie Ihre Bestellungen noch vor 12 Uhr aufgeben, werden die Waren noch am selben Tag verschickt. Nach Deutschland ben\u00f6tigt Ihre Lieferung per Franz\u00f6sischer Post normalerweise 2-4 Tage.<\/p>\n<p><strong>Bietet diese Seite gesicherten Zahlungsverkehr?<\/strong><br \/>\nJa, wir arbeiten mit PayPal zusammen, einem Unternehmen, das f\u00fcr seine Vertrauensw\u00fcrdigkeit im Bereich gesicherter Zahlungsverkehr bekannt ist. Zudem kooperieren wir auch mit der franz\u00f6sischen Plattform Be2Bill (Rentaliweb-Gruppe). F\u00fcr weitere Informationen kontaktieren Sie bitte die Seite, die sich mit der Sicherheit des Zahlungsverkehrs besch\u00e4ftigt.<\/p>\n<p><strong>Wer steckt hinter KramaKrama.com?<\/strong><br \/>\nDie Seite KramaKrama.com wird von der Gesellschaft Oh My Krama herausgegeben, die im Firmenregister von Chalon-Sur-S\u00e2one (Frankreich) aufscheint. Nummer im Firmenregister: 788 428 845 00010.<\/p>\n<p><strong>Wenn Sie den Eindruck haben, dass wir Ihre Fragen nicht ausreichend beantwortet haben oder wenn Sie zus\u00e4tzliche Informationen ben\u00f6tigen, erreichen Sie uns per E-Mail unter hallo [at] kramakrama.com. <\/strong><\/p>\n","protected":false},"excerpt":{"rendered":"<p>Die Krama Krama Produkte Wo werden die Krama T\u00fccher hergestellt? Jedes Produkt wird handwerklich in Siem Reap (Nord-Westen von Kambodscha) hergestellt, nur wenige Kilometer von den ber\u00fchmten Angkor Tempeln entfernt. Ist die Herstellung zu 100% handwerklich und 100% ethisch? Ja, wir arbeiten in Kooperation mit einer kambodschanischen NRO (Nichtregierungsorganisation) die uns eine komplett handwerkliche Herstellung [&hellip;]<\/p>\n","protected":false},"author":1,"featured_media":0,"parent":0,"menu_order":0,"comment_status":"closed","ping_status":"closed","template":"","meta":{"footnotes":""},"class_list":["post-152","page","type-page","status-publish","hentry"],"yoast_head":"<!-- This site is optimized with the Yoast SEO plugin v27.5 - https:\/\/yoast.com\/product\/yoast-seo-wordpress\/ -->\n<title>FAQ - Krama Krama<\/title>\n<meta name=\"robots\" content=\"index, follow, max-snippet:-1, max-image-preview:large, max-video-preview:-1\" \/>\n<link rel=\"canonical\" href=\"https:\/\/www.kramakrama.com\/de\/faq\" \/>\n<meta property=\"og:locale\" content=\"de_DE\" \/>\n<meta property=\"og:type\" content=\"article\" \/>\n<meta property=\"og:title\" content=\"FAQ - Krama Krama\" \/>\n<meta property=\"og:description\" content=\"Die Krama Krama Produkte Wo werden die Krama T\u00fccher hergestellt? Jedes Produkt wird handwerklich in Siem Reap (Nord-Westen von Kambodscha) hergestellt, nur wenige Kilometer von den ber\u00fchmten Angkor Tempeln entfernt. Ist die Herstellung zu 100% handwerklich und 100% ethisch? Ja, wir arbeiten in Kooperation mit einer kambodschanischen NRO (Nichtregierungsorganisation) die uns eine komplett handwerkliche Herstellung [&hellip;]\" \/>\n<meta property=\"og:url\" content=\"https:\/\/www.kramakrama.com\/de\/faq\" \/>\n<meta property=\"og:site_name\" content=\"Krama Krama\" \/>\n<meta property=\"article:modified_time\" content=\"2024-02-07T11:17:24+00:00\" \/>\n<meta name=\"twitter:card\" content=\"summary_large_image\" \/>\n<meta name=\"twitter:label1\" content=\"Gesch\u00e4tzte Lesezeit\" \/>\n\t<meta name=\"twitter:data1\" content=\"2\u00a0Minuten\" \/>\n<script type=\"application\/ld+json\" class=\"yoast-schema-graph\">{\"@context\":\"https:\\\/\\\/schema.org\",\"@graph\":[{\"@type\":\"WebPage\",\"@id\":\"https:\\\/\\\/www.kramakrama.com\\\/de\\\/faq\",\"url\":\"https:\\\/\\\/www.kramakrama.com\\\/de\\\/faq\",\"name\":\"FAQ - Krama Krama\",\"isPartOf\":{\"@id\":\"https:\\\/\\\/www.kramakrama.com\\\/de\\\/#website\"},\"datePublished\":\"2015-08-13T10:04:06+00:00\",\"dateModified\":\"2024-02-07T11:17:24+00:00\",\"breadcrumb\":{\"@id\":\"https:\\\/\\\/www.kramakrama.com\\\/de\\\/faq#breadcrumb\"},\"inLanguage\":\"de\",\"potentialAction\":[{\"@type\":\"ReadAction\",\"target\":[\"https:\\\/\\\/www.kramakrama.com\\\/de\\\/faq\"]}]},{\"@type\":\"BreadcrumbList\",\"@id\":\"https:\\\/\\\/www.kramakrama.com\\\/de\\\/faq#breadcrumb\",\"itemListElement\":[{\"@type\":\"ListItem\",\"position\":1,\"name\":\"Accueil\",\"item\":\"https:\\\/\\\/www.kramakrama.com\\\/de\\\/\"},{\"@type\":\"ListItem\",\"position\":2,\"name\":\"FAQ\"}]},{\"@type\":\"WebSite\",\"@id\":\"https:\\\/\\\/www.kramakrama.com\\\/de\\\/#website\",\"url\":\"https:\\\/\\\/www.kramakrama.com\\\/de\\\/\",\"name\":\"Krama Krama\",\"description\":\"\",\"potentialAction\":[{\"@type\":\"SearchAction\",\"target\":{\"@type\":\"EntryPoint\",\"urlTemplate\":\"https:\\\/\\\/www.kramakrama.com\\\/de\\\/?s={search_term_string}\"},\"query-input\":{\"@type\":\"PropertyValueSpecification\",\"valueRequired\":true,\"valueName\":\"search_term_string\"}}],\"inLanguage\":\"de\"}]}<\/script>\n<!-- \/ Yoast SEO plugin. -->","yoast_head_json":{"title":"FAQ - Krama Krama","robots":{"index":"index","follow":"follow","max-snippet":"max-snippet:-1","max-image-preview":"max-image-preview:large","max-video-preview":"max-video-preview:-1"},"canonical":"https:\/\/www.kramakrama.com\/de\/faq","og_locale":"de_DE","og_type":"article","og_title":"FAQ - Krama Krama","og_description":"Die Krama Krama Produkte Wo werden die Krama T\u00fccher hergestellt? Jedes Produkt wird handwerklich in Siem Reap (Nord-Westen von Kambodscha) hergestellt, nur wenige Kilometer von den ber\u00fchmten Angkor Tempeln entfernt. Ist die Herstellung zu 100% handwerklich und 100% ethisch? Ja, wir arbeiten in Kooperation mit einer kambodschanischen NRO (Nichtregierungsorganisation) die uns eine komplett handwerkliche Herstellung [&hellip;]","og_url":"https:\/\/www.kramakrama.com\/de\/faq","og_site_name":"Krama Krama","article_modified_time":"2024-02-07T11:17:24+00:00","twitter_card":"summary_large_image","twitter_misc":{"Gesch\u00e4tzte Lesezeit":"2\u00a0Minuten"},"schema":{"@context":"https:\/\/schema.org","@graph":[{"@type":"WebPage","@id":"https:\/\/www.kramakrama.com\/de\/faq","url":"https:\/\/www.kramakrama.com\/de\/faq","name":"FAQ - Krama Krama","isPartOf":{"@id":"https:\/\/www.kramakrama.com\/de\/#website"},"datePublished":"2015-08-13T10:04:06+00:00","dateModified":"2024-02-07T11:17:24+00:00","breadcrumb":{"@id":"https:\/\/www.kramakrama.com\/de\/faq#breadcrumb"},"inLanguage":"de","potentialAction":[{"@type":"ReadAction","target":["https:\/\/www.kramakrama.com\/de\/faq"]}]},{"@type":"BreadcrumbList","@id":"https:\/\/www.kramakrama.com\/de\/faq#breadcrumb","itemListElement":[{"@type":"ListItem","position":1,"name":"Accueil","item":"https:\/\/www.kramakrama.com\/de\/"},{"@type":"ListItem","position":2,"name":"FAQ"}]},{"@type":"WebSite","@id":"https:\/\/www.kramakrama.com\/de\/#website","url":"https:\/\/www.kramakrama.com\/de\/","name":"Krama Krama","description":"","potentialAction":[{"@type":"SearchAction","target":{"@type":"EntryPoint","urlTemplate":"https:\/\/www.kramakrama.com\/de\/?s={search_term_string}"},"query-input":{"@type":"PropertyValueSpecification","valueRequired":true,"valueName":"search_term_string"}}],"inLanguage":"de"}]}},"_links":{"self":[{"href":"https:\/\/www.kramakrama.com\/de\/wp-json\/wp\/v2\/pages\/152","targetHints":{"allow":["GET"]}}],"collection":[{"href":"https:\/\/www.kramakrama.com\/de\/wp-json\/wp\/v2\/pages"}],"about":[{"href":"https:\/\/www.kramakrama.com\/de\/wp-json\/wp\/v2\/types\/page"}],"author":[{"embeddable":true,"href":"https:\/\/www.kramakrama.com\/de\/wp-json\/wp\/v2\/users\/1"}],"replies":[{"embeddable":true,"href":"https:\/\/www.kramakrama.com\/de\/wp-json\/wp\/v2\/comments?post=152"}],"version-history":[{"count":2,"href":"https:\/\/www.kramakrama.com\/de\/wp-json\/wp\/v2\/pages\/152\/revisions"}],"predecessor-version":[{"id":5051,"href":"https:\/\/www.kramakrama.com\/de\/wp-json\/wp\/v2\/pages\/152\/revisions\/5051"}],"wp:attachment":[{"href":"https:\/\/www.kramakrama.com\/de\/wp-json\/wp\/v2\/media?parent=152"}],"curies":[{"name":"wp","href":"https:\/\/api.w.org\/{rel}","templated":true}]}}