{"id":5034,"date":"2024-02-07T12:51:11","date_gmt":"2024-02-07T10:51:11","guid":{"rendered":"https:\/\/www.kramakrama.com\/de\/?page_id=5034"},"modified":"2025-03-07T21:06:36","modified_gmt":"2025-03-07T19:06:36","slug":"geschichte-der-baumwolle","status":"publish","type":"page","link":"https:\/\/www.kramakrama.com\/de\/krama-geschichte\/geschichte-der-baumwolle","title":{"rendered":"Geschichte der Baumwolle"},"content":{"rendered":"\t\t<div data-elementor-type=\"wp-page\" data-elementor-id=\"5034\" class=\"elementor elementor-5034\" data-elementor-post-type=\"page\">\n\t\t\t\t<div class=\"elementor-element elementor-element-b0cf190 e-flex e-con-boxed glozin-responsive-column glozin-tablet-column--default glozin-responsive-column glozin-mobile-column--default e-con e-parent\" data-id=\"b0cf190\" data-element_type=\"container\" data-e-type=\"container\" data-settings=\"{&quot;ekit_has_onepagescroll_dot&quot;:&quot;yes&quot;}\">\n\t\t\t\t\t<div class=\"e-con-inner\">\n\t\t\t\t<div class=\"elementor-element elementor-element-f725342 elementor-widget elementor-widget-text-editor\" data-id=\"f725342\" data-element_type=\"widget\" data-e-type=\"widget\" data-settings=\"{&quot;ekit_we_effect_on&quot;:&quot;none&quot;}\" data-widget_type=\"text-editor.default\">\n\t\t\t\t<div class=\"elementor-widget-container\">\n\t\t\t\t\t\t\t\t\t<p>Wer h\u00e4tte gedacht, dass der einfache kleine Faserball, der <b>Baumwolle<\/b> ist, die Quelle so vieler Wunder ist? Mit einer jahrtausendealten Geschichte verkn\u00fcpft Baumwolle die F\u00e4den von Kultur und Wirtschaft auf der ganzen Welt und ist sogar der Verb\u00fcndete unserer empfindlichsten Haut.<\/p><p>Baumwolle, der unangefochtene K\u00f6nig der Textilindustrie, hat eine Zivilisation nach der anderen gen\u00e4hrt. Von Amerika bis Afrika, vom alten Indien bis zum heutigen Kambodscha wurde diese vielseitige Pflanzenfaser von Menschen \u00fcberall angepasst und angenommen. Seine Majest\u00e4t Baumwolle regiert nicht nur \u00fcber unsere Kleiderschr\u00e4nke, sondern auch \u00fcber die internationale Wirtschaftslandschaft und nimmt einen herausragenden Platz im Handel ein.<\/p><p>Baumwolle gilt als Symbol f\u00fcr Tradition und Eleganz und wird von <a href=\"https:\/\/www.kramakrama.com\/de\/selbstgemachte-weben-krama\">kambodschanischen Kunsthandwerkern<\/a> geduldig von Hand gewebt, die Faden f\u00fcr Faden zu einzigartigen Schals (Krama) verarbeiten, einer wahren Fundgrube textiler Handwerkskunst.<\/p><p>Wir laden Sie ein, uns auf dieser Reise durch Zeit und Raum zu begleiten und die unglaubliche Geschichte der Baumwolle zu entdecken. Eine Geschichte, die zeigt, wie diese einfache kleine Pflanze die Welt eroberte.<\/p>\t\t\t\t\t\t\t\t<\/div>\n\t\t\t\t<\/div>\n\t\t\t\t\t<\/div>\n\t\t\t\t<\/div>\n\t\t<div class=\"elementor-element elementor-element-b38b4e1 e-flex e-con-boxed glozin-responsive-column glozin-tablet-column--default glozin-responsive-column glozin-mobile-column--default e-con e-parent\" data-id=\"b38b4e1\" data-element_type=\"container\" data-e-type=\"container\" data-settings=\"{&quot;ekit_has_onepagescroll_dot&quot;:&quot;yes&quot;}\">\n\t\t\t\t\t<div class=\"e-con-inner\">\n\t\t\t\t<div class=\"elementor-element elementor-element-4899c7f elementor-widget elementor-widget-spacer\" data-id=\"4899c7f\" data-element_type=\"widget\" data-e-type=\"widget\" data-settings=\"{&quot;ekit_we_effect_on&quot;:&quot;none&quot;}\" data-widget_type=\"spacer.default\">\n\t\t\t\t<div class=\"elementor-widget-container\">\n\t\t\t\t\t\t\t<div class=\"elementor-spacer\">\n\t\t\t<div class=\"elementor-spacer-inner\"><\/div>\n\t\t<\/div>\n\t\t\t\t\t\t<\/div>\n\t\t\t\t<\/div>\n\t\t\t\t\t<\/div>\n\t\t\t\t<\/div>\n\t\t<div class=\"elementor-element elementor-element-79b1b5d e-flex e-con-boxed glozin-responsive-column glozin-tablet-column--default glozin-responsive-column glozin-mobile-column--default e-con e-parent\" data-id=\"79b1b5d\" data-element_type=\"container\" data-e-type=\"container\" data-settings=\"{&quot;ekit_has_onepagescroll_dot&quot;:&quot;yes&quot;}\">\n\t\t\t\t\t<div class=\"e-con-inner\">\n\t\t\t\t<div class=\"elementor-element elementor-element-f6953ed elementor-widget elementor-widget-image\" data-id=\"f6953ed\" data-element_type=\"widget\" data-e-type=\"widget\" data-settings=\"{&quot;ekit_we_effect_on&quot;:&quot;none&quot;}\" data-widget_type=\"image.default\">\n\t\t\t\t<div class=\"elementor-widget-container\">\n\t\t\t\t\t\t\t\t\t\t\t\t\t\t\t<img fetchpriority=\"high\" decoding=\"async\" width=\"800\" height=\"800\" src=\"https:\/\/www.kramakrama.com\/de\/wp-content\/uploads\/2025\/03\/Baumwollfeld.webp\" class=\"attachment-large size-large wp-image-6788\" alt=\"Baumwollfeld\" srcset=\"https:\/\/www.kramakrama.com\/de\/wp-content\/uploads\/2025\/03\/Baumwollfeld.webp 800w, https:\/\/www.kramakrama.com\/de\/wp-content\/uploads\/2025\/03\/Baumwollfeld-130x130.webp 130w, https:\/\/www.kramakrama.com\/de\/wp-content\/uploads\/2025\/03\/Baumwollfeld-300x300.webp 300w, https:\/\/www.kramakrama.com\/de\/wp-content\/uploads\/2025\/03\/Baumwollfeld-150x150.webp 150w, https:\/\/www.kramakrama.com\/de\/wp-content\/uploads\/2025\/03\/Baumwollfeld-768x768.webp 768w\" sizes=\"(max-width: 800px) 100vw, 800px\" \/>\t\t\t\t\t\t\t\t\t\t\t\t\t\t\t<\/div>\n\t\t\t\t<\/div>\n\t\t\t\t\t<\/div>\n\t\t\t\t<\/div>\n\t\t<div class=\"elementor-element elementor-element-de9e1ab e-flex e-con-boxed glozin-responsive-column glozin-tablet-column--default glozin-responsive-column glozin-mobile-column--default e-con e-parent\" data-id=\"de9e1ab\" data-element_type=\"container\" data-e-type=\"container\" data-settings=\"{&quot;ekit_has_onepagescroll_dot&quot;:&quot;yes&quot;}\">\n\t\t\t\t\t<div class=\"e-con-inner\">\n\t\t\t\t<div class=\"elementor-element elementor-element-9631e97 elementor-widget elementor-widget-spacer\" data-id=\"9631e97\" data-element_type=\"widget\" data-e-type=\"widget\" data-settings=\"{&quot;ekit_we_effect_on&quot;:&quot;none&quot;}\" data-widget_type=\"spacer.default\">\n\t\t\t\t<div class=\"elementor-widget-container\">\n\t\t\t\t\t\t\t<div class=\"elementor-spacer\">\n\t\t\t<div class=\"elementor-spacer-inner\"><\/div>\n\t\t<\/div>\n\t\t\t\t\t\t<\/div>\n\t\t\t\t<\/div>\n\t\t\t\t\t<\/div>\n\t\t\t\t<\/div>\n\t\t<div class=\"elementor-element elementor-element-ca92f5a e-flex e-con-boxed glozin-responsive-column glozin-tablet-column--default glozin-responsive-column glozin-mobile-column--default e-con e-parent\" data-id=\"ca92f5a\" data-element_type=\"container\" data-e-type=\"container\" data-settings=\"{&quot;ekit_has_onepagescroll_dot&quot;:&quot;yes&quot;}\">\n\t\t\t\t\t<div class=\"e-con-inner\">\n\t\t\t\t<div class=\"elementor-element elementor-element-b2f350f elementor-widget elementor-widget-text-editor\" data-id=\"b2f350f\" data-element_type=\"widget\" data-e-type=\"widget\" data-settings=\"{&quot;ekit_we_effect_on&quot;:&quot;none&quot;}\" data-widget_type=\"text-editor.default\">\n\t\t\t\t<div class=\"elementor-widget-container\">\n\t\t\t\t\t\t\t\t\t<h2 style=\"text-align: center;\">Auf den Baumwollstra\u00dfen: eine Reise durch die Zeit<\/h2><p>Es ist mittlerweile bekannt, dass <b>Baumwolle<\/b> urspr\u00fcnglich in verschiedenen Teilen der Welt gleichzeitig angebaut wurde. Die ersten Spuren ihrer Verwendung reichen fast 7.000 Jahre zur\u00fcck. In Mehrgarh, einer der fr\u00fchesten bekannten landwirtschaftlichen St\u00e4tten im heutigen Pakistan, wurden Fragmente von Baumwollstoffen entdeckt. Hinzu kommt die Entdeckung von Wildbaumwolle in H\u00f6hlen in Mexiko, die etwa 5.000 Jahre alt ist, und ein globales Panorama der alten Baumwolle beginnt Gestalt anzunehmen.<\/p><p>Im Laufe der Jahrtausende gelangte die Baumwolle \u00fcber die Seidenstra\u00dfe nach Europa und dar\u00fcber hinaus, wo sie schlie\u00dflich in einer Vielzahl von Varianten in allen Formen und Farben landete. Die \u00c4gypter bauten sie im fruchtbaren Niltal an, perfektionierten die Kunst des Spinnens und Webens und schufen Stoffe von einer Qualit\u00e4t, die bis heute legend\u00e4r ist. Die Griechen und R\u00f6mer \u00fcbernahmen die Baumwolle und waren ma\u00dfgeblich an ihrer Verbreitung in westlichen L\u00e4ndern beteiligt.<\/p><p>Ein Meilenstein in der Geschichte der Baumwolle war ihre Begegnung mit der industriellen Welt, die ihre Verwendung revolutionierte. Die industrielle Revolution des 18. Jahrhunderts brachte die Baumwolle dank der Erfindung der Baumwollspinnmaschine und der hydraulischen Baumwollpresse an die Weltspitze. Der Baumwollverbrauch stieg daraufhin exponentiell an, was zu einem beispiellosen Boom im weltweiten Baumwollhandel f\u00fchrte.<\/p><p><b>Aber wie kam die Baumwolle nach Kambodscha?<\/b> Die Baumwolle gelangte \u00fcber den internationalen Handel nach Kambodscha. Sie wurde schnell von den \u00f6rtlichen Handwerkern angenommen und zum bevorzugten Material f\u00fcr das Weben traditioneller Textilien, insbesondere des kambodschanischen Baumwollschals. Dieser Baumwollschal, der als Krama bekannt ist, ist zu einem wesentlichen Bestandteil der kulturellen Identit\u00e4t Kambodschas geworden.<\/p><p>Heute ist Baumwolle in Kambodscha wie auch anderswo fest in der Textilindustrie verwurzelt. Wie der Baumwollfaden, der sich dehnt, aber nicht rei\u00dft, zeugt ihre Geschichte von ihrer Widerstandsf\u00e4higkeit und Anpassungsf\u00e4higkeit.<\/p><h2 style=\"text-align: center;\">Kambodschanische Baumwolle?<\/h2><p>Die Entwicklung der <b>Geschichte der kambodschanischen Baumwolle<\/b> ist untrennbar mit der Geschichte des Landes selbst verbunden, da Baumwolle eine so wichtige Rolle in der kambodschanischen Textilkunst spielt, insbesondere bei der Herstellung von kambodschanischen Schals und anderen Alltagskleidungsst\u00fccken.<\/p><p>Die Baumwolle wird zu F\u00e4den gesponnen, die dann nach einer traditionellen Technik von Hand zum Weben des Krama verwendet werden. Der Krama ist ein echtes Nationalsymbol, das von Millionen Kambodschanern in der Stadt und auf dem Land getragen wird (aber wenn Sie bereits mit unserer Krama-Krama-Schalmarke vertraut sind, kennen Sie diese Information bereits).<\/p><p>Bereits im 19. Jahrhundert begann Kambodscha mit der Massenproduktion von Baumwolle, um die wachsende Nachfrage der Textilindustrie zu decken. Die \u00c4ra der Roten Khmer in den 70er Jahren markierte jedoch einen tragischen Einschnitt in diesem Wachstum, da Baumwollfelder und Produktionsst\u00e4tten massiv zerst\u00f6rt wurden. Die Produktion von kambodschanischer Baumwolle, die f\u00fcr ihre au\u00dfergew\u00f6hnliche Qualit\u00e4t bekannt ist, wurde praktisch eingestellt.<\/p><p>Seitdem hat die kambodschanische Baumwollindustrie eine beeindruckende Renaissance erlebt. Heute produziert das Land wieder hochwertige Baumwolle und kambodschanische Handwerkskunst \u2013 insbesondere der ber\u00fchmte kambodschanische Schal \u2013 gewinnt wieder an Ansehen. Leider ist die Produktion im K\u00f6nigreich Kambodscha immer noch gering und die Preise sind oft unerschwinglich, w\u00e4hrend die Nachfrage so stark wie eh und je ist. Deshalb stammt die verwendete Baumwolle haupts\u00e4chlich aus Nachbarl\u00e4ndern wie China und Indien.<\/p><h2 style=\"text-align: center;\">Die Zukunft der Baumwolle<\/h2><p>Baumwolle, die tragende S\u00e4ule der Textilindustrie, blickt entschlossen in die Zukunft. Textilwissenschaftler und -ingenieure arbeiten daran, den Baumwollanbau nachhaltiger und umweltfreundlicher zu gestalten. Dazu geh\u00f6rt der Einsatz sch\u00e4dlingsresistenter Baumwollsorten, wodurch der Bedarf an Pestiziden reduziert und die Effizienz der Bew\u00e4sserung verbessert wird, um den Wasserverbrauch zu senken.<\/p><p>Deshalb versuchen wir bei Krama Krama, immer mehr kambodschanische Schals aus Seide und Leinen anzubieten, Naturfasern, die verantwortungsbewusster und \u00f6kologischer sind.<\/p>\t\t\t\t\t\t\t\t<\/div>\n\t\t\t\t<\/div>\n\t\t\t\t\t<\/div>\n\t\t\t\t<\/div>\n\t\t<div class=\"elementor-element elementor-element-7476ba6 e-flex e-con-boxed glozin-responsive-column glozin-tablet-column--default glozin-responsive-column glozin-mobile-column--default e-con e-parent\" data-id=\"7476ba6\" data-element_type=\"container\" data-e-type=\"container\" data-settings=\"{&quot;ekit_has_onepagescroll_dot&quot;:&quot;yes&quot;}\">\n\t\t\t\t\t<div class=\"e-con-inner\">\n\t\t\t\t<div class=\"elementor-element elementor-element-c64ccd6 elementor-widget elementor-widget-spacer\" data-id=\"c64ccd6\" data-element_type=\"widget\" data-e-type=\"widget\" data-settings=\"{&quot;ekit_we_effect_on&quot;:&quot;none&quot;}\" data-widget_type=\"spacer.default\">\n\t\t\t\t<div class=\"elementor-widget-container\">\n\t\t\t\t\t\t\t<div class=\"elementor-spacer\">\n\t\t\t<div class=\"elementor-spacer-inner\"><\/div>\n\t\t<\/div>\n\t\t\t\t\t\t<\/div>\n\t\t\t\t<\/div>\n\t\t\t\t\t<\/div>\n\t\t\t\t<\/div>\n\t\t<div class=\"elementor-element elementor-element-36b76d8 e-flex e-con-boxed glozin-responsive-column glozin-tablet-column--default glozin-responsive-column glozin-mobile-column--default e-con e-parent\" data-id=\"36b76d8\" data-element_type=\"container\" data-e-type=\"container\" data-settings=\"{&quot;ekit_has_onepagescroll_dot&quot;:&quot;yes&quot;}\">\n\t\t\t\t\t<div class=\"e-con-inner\">\n\t\t<div class=\"elementor-element elementor-element-86d89d9 e-con-full e-flex glozin-responsive-column glozin-tablet-column--default glozin-responsive-column glozin-mobile-column--default e-con e-child\" data-id=\"86d89d9\" data-element_type=\"container\" data-e-type=\"container\" data-settings=\"{&quot;ekit_has_onepagescroll_dot&quot;:&quot;yes&quot;}\">\n\t\t<div class=\"elementor-element elementor-element-d0c9470 e-con-full e-flex glozin-responsive-column glozin-tablet-column--default glozin-responsive-column glozin-mobile-column--default e-con e-child\" data-id=\"d0c9470\" data-element_type=\"container\" data-e-type=\"container\" data-settings=\"{&quot;ekit_has_onepagescroll_dot&quot;:&quot;yes&quot;}\">\n\t\t\t\t<div class=\"elementor-element elementor-element-c614232 elementor-widget elementor-widget-elementskit-creative-button\" data-id=\"c614232\" data-element_type=\"widget\" data-e-type=\"widget\" data-settings=\"{&quot;ekit_we_effect_on&quot;:&quot;none&quot;}\" data-widget_type=\"elementskit-creative-button.default\">\n\t\t\t\t<div class=\"elementor-widget-container\">\n\t\t\t\t\t<div class=\"ekit-wid-con\" >\t\t<div class=\"ekit-btn-wraper\">\n\t\t\t\t\t\t\t\t<a href=\"https:\/\/www.kramakrama.com\/de\/shop\" class=\"ekit_creative_button ekit_slide_bg ekit_slide_in_line\" id=\"\" style=\"flex-direction: row;\" data-text=\"\">\n\t\t\t\t\t\t<span class=\"ekit_creative_button_icon_wrapper\">\n\t\t\t\t\t\t\t\t\t\t\t\t<\/span>\n\n\t\t\t\t\t\t<span class=\"ekit_creative_button_text\">Finden Sie Ihren Baumwollschal in unserem E-Shop<\/span>\n\n\t\t\t\t\t\t\t\t\t\t\t<\/a>\n\t\t\t\t\t\t<\/div>\n        <\/div>\t\t\t\t<\/div>\n\t\t\t\t<\/div>\n\t\t\t\t<\/div>\n\t\t\t\t<\/div>\n\t\t\t\t\t<\/div>\n\t\t\t\t<\/div>\n\t\t\t\t<\/div>\n\t\t","protected":false},"excerpt":{"rendered":"<p>Wer h\u00e4tte gedacht, dass der einfache kleine Faserball, der Baumwolle ist, die Quelle so vieler Wunder ist? Mit einer jahrtausendealten Geschichte verkn\u00fcpft Baumwolle die F\u00e4den von Kultur und Wirtschaft auf der ganzen Welt und ist sogar der Verb\u00fcndete unserer empfindlichsten Haut. Baumwolle, der unangefochtene K\u00f6nig der Textilindustrie, hat eine Zivilisation nach der anderen gen\u00e4hrt. Von [&hellip;]<\/p>\n","protected":false},"author":1,"featured_media":0,"parent":113,"menu_order":0,"comment_status":"closed","ping_status":"closed","template":"","meta":{"footnotes":""},"class_list":["post-5034","page","type-page","status-publish","hentry"],"yoast_head":"<!-- This site is optimized with the Yoast SEO plugin v27.5 - https:\/\/yoast.com\/product\/yoast-seo-wordpress\/ -->\n<title>Geschichte der Baumwolle - Krama Krama<\/title>\n<meta name=\"robots\" content=\"index, follow, max-snippet:-1, max-image-preview:large, max-video-preview:-1\" \/>\n<link rel=\"canonical\" href=\"https:\/\/www.kramakrama.com\/de\/krama-geschichte\/geschichte-der-baumwolle\" \/>\n<meta property=\"og:locale\" content=\"de_DE\" \/>\n<meta property=\"og:type\" content=\"article\" \/>\n<meta property=\"og:title\" content=\"Geschichte der Baumwolle - Krama Krama\" \/>\n<meta property=\"og:description\" content=\"Wer h\u00e4tte gedacht, dass der einfache kleine Faserball, der Baumwolle ist, die Quelle so vieler Wunder ist? Mit einer jahrtausendealten Geschichte verkn\u00fcpft Baumwolle die F\u00e4den von Kultur und Wirtschaft auf der ganzen Welt und ist sogar der Verb\u00fcndete unserer empfindlichsten Haut. Baumwolle, der unangefochtene K\u00f6nig der Textilindustrie, hat eine Zivilisation nach der anderen gen\u00e4hrt. Von [&hellip;]\" \/>\n<meta property=\"og:url\" content=\"https:\/\/www.kramakrama.com\/de\/krama-geschichte\/geschichte-der-baumwolle\" \/>\n<meta property=\"og:site_name\" content=\"Krama Krama\" \/>\n<meta property=\"article:modified_time\" content=\"2025-03-07T19:06:36+00:00\" \/>\n<meta property=\"og:image\" content=\"https:\/\/www.kramakrama.com\/de\/wp-content\/uploads\/2025\/03\/Baumwollfeld.webp\" \/>\n\t<meta property=\"og:image:width\" content=\"800\" \/>\n\t<meta property=\"og:image:height\" content=\"800\" \/>\n\t<meta property=\"og:image:type\" content=\"image\/webp\" \/>\n<meta name=\"twitter:card\" content=\"summary_large_image\" \/>\n<meta name=\"twitter:label1\" content=\"Gesch\u00e4tzte Lesezeit\" \/>\n\t<meta name=\"twitter:data1\" content=\"5\u00a0Minuten\" \/>\n<script type=\"application\/ld+json\" class=\"yoast-schema-graph\">{\"@context\":\"https:\\\/\\\/schema.org\",\"@graph\":[{\"@type\":\"WebPage\",\"@id\":\"https:\\\/\\\/www.kramakrama.com\\\/de\\\/krama-geschichte\\\/geschichte-der-baumwolle\",\"url\":\"https:\\\/\\\/www.kramakrama.com\\\/de\\\/krama-geschichte\\\/geschichte-der-baumwolle\",\"name\":\"Geschichte der Baumwolle - Krama Krama\",\"isPartOf\":{\"@id\":\"https:\\\/\\\/www.kramakrama.com\\\/de\\\/#website\"},\"primaryImageOfPage\":{\"@id\":\"https:\\\/\\\/www.kramakrama.com\\\/de\\\/krama-geschichte\\\/geschichte-der-baumwolle#primaryimage\"},\"image\":{\"@id\":\"https:\\\/\\\/www.kramakrama.com\\\/de\\\/krama-geschichte\\\/geschichte-der-baumwolle#primaryimage\"},\"thumbnailUrl\":\"https:\\\/\\\/www.kramakrama.com\\\/de\\\/wp-content\\\/uploads\\\/2025\\\/03\\\/Baumwollfeld.webp\",\"datePublished\":\"2024-02-07T10:51:11+00:00\",\"dateModified\":\"2025-03-07T19:06:36+00:00\",\"breadcrumb\":{\"@id\":\"https:\\\/\\\/www.kramakrama.com\\\/de\\\/krama-geschichte\\\/geschichte-der-baumwolle#breadcrumb\"},\"inLanguage\":\"de\",\"potentialAction\":[{\"@type\":\"ReadAction\",\"target\":[\"https:\\\/\\\/www.kramakrama.com\\\/de\\\/krama-geschichte\\\/geschichte-der-baumwolle\"]}]},{\"@type\":\"ImageObject\",\"inLanguage\":\"de\",\"@id\":\"https:\\\/\\\/www.kramakrama.com\\\/de\\\/krama-geschichte\\\/geschichte-der-baumwolle#primaryimage\",\"url\":\"https:\\\/\\\/www.kramakrama.com\\\/de\\\/wp-content\\\/uploads\\\/2025\\\/03\\\/Baumwollfeld.webp\",\"contentUrl\":\"https:\\\/\\\/www.kramakrama.com\\\/de\\\/wp-content\\\/uploads\\\/2025\\\/03\\\/Baumwollfeld.webp\",\"width\":800,\"height\":800,\"caption\":\"Baumwollfeld\"},{\"@type\":\"BreadcrumbList\",\"@id\":\"https:\\\/\\\/www.kramakrama.com\\\/de\\\/krama-geschichte\\\/geschichte-der-baumwolle#breadcrumb\",\"itemListElement\":[{\"@type\":\"ListItem\",\"position\":1,\"name\":\"Accueil\",\"item\":\"https:\\\/\\\/www.kramakrama.com\\\/de\\\/\"},{\"@type\":\"ListItem\",\"position\":2,\"name\":\"Krama Geschichte\",\"item\":\"https:\\\/\\\/www.kramakrama.com\\\/de\\\/krama-geschichte\"},{\"@type\":\"ListItem\",\"position\":3,\"name\":\"Geschichte der Baumwolle\"}]},{\"@type\":\"WebSite\",\"@id\":\"https:\\\/\\\/www.kramakrama.com\\\/de\\\/#website\",\"url\":\"https:\\\/\\\/www.kramakrama.com\\\/de\\\/\",\"name\":\"Krama Krama\",\"description\":\"\",\"potentialAction\":[{\"@type\":\"SearchAction\",\"target\":{\"@type\":\"EntryPoint\",\"urlTemplate\":\"https:\\\/\\\/www.kramakrama.com\\\/de\\\/?s={search_term_string}\"},\"query-input\":{\"@type\":\"PropertyValueSpecification\",\"valueRequired\":true,\"valueName\":\"search_term_string\"}}],\"inLanguage\":\"de\"}]}<\/script>\n<!-- \/ Yoast SEO plugin. -->","yoast_head_json":{"title":"Geschichte der Baumwolle - Krama Krama","robots":{"index":"index","follow":"follow","max-snippet":"max-snippet:-1","max-image-preview":"max-image-preview:large","max-video-preview":"max-video-preview:-1"},"canonical":"https:\/\/www.kramakrama.com\/de\/krama-geschichte\/geschichte-der-baumwolle","og_locale":"de_DE","og_type":"article","og_title":"Geschichte der Baumwolle - Krama Krama","og_description":"Wer h\u00e4tte gedacht, dass der einfache kleine Faserball, der Baumwolle ist, die Quelle so vieler Wunder ist? Mit einer jahrtausendealten Geschichte verkn\u00fcpft Baumwolle die F\u00e4den von Kultur und Wirtschaft auf der ganzen Welt und ist sogar der Verb\u00fcndete unserer empfindlichsten Haut. Baumwolle, der unangefochtene K\u00f6nig der Textilindustrie, hat eine Zivilisation nach der anderen gen\u00e4hrt. Von [&hellip;]","og_url":"https:\/\/www.kramakrama.com\/de\/krama-geschichte\/geschichte-der-baumwolle","og_site_name":"Krama Krama","article_modified_time":"2025-03-07T19:06:36+00:00","og_image":[{"width":800,"height":800,"url":"https:\/\/www.kramakrama.com\/de\/wp-content\/uploads\/2025\/03\/Baumwollfeld.webp","type":"image\/webp"}],"twitter_card":"summary_large_image","twitter_misc":{"Gesch\u00e4tzte Lesezeit":"5\u00a0Minuten"},"schema":{"@context":"https:\/\/schema.org","@graph":[{"@type":"WebPage","@id":"https:\/\/www.kramakrama.com\/de\/krama-geschichte\/geschichte-der-baumwolle","url":"https:\/\/www.kramakrama.com\/de\/krama-geschichte\/geschichte-der-baumwolle","name":"Geschichte der Baumwolle - Krama Krama","isPartOf":{"@id":"https:\/\/www.kramakrama.com\/de\/#website"},"primaryImageOfPage":{"@id":"https:\/\/www.kramakrama.com\/de\/krama-geschichte\/geschichte-der-baumwolle#primaryimage"},"image":{"@id":"https:\/\/www.kramakrama.com\/de\/krama-geschichte\/geschichte-der-baumwolle#primaryimage"},"thumbnailUrl":"https:\/\/www.kramakrama.com\/de\/wp-content\/uploads\/2025\/03\/Baumwollfeld.webp","datePublished":"2024-02-07T10:51:11+00:00","dateModified":"2025-03-07T19:06:36+00:00","breadcrumb":{"@id":"https:\/\/www.kramakrama.com\/de\/krama-geschichte\/geschichte-der-baumwolle#breadcrumb"},"inLanguage":"de","potentialAction":[{"@type":"ReadAction","target":["https:\/\/www.kramakrama.com\/de\/krama-geschichte\/geschichte-der-baumwolle"]}]},{"@type":"ImageObject","inLanguage":"de","@id":"https:\/\/www.kramakrama.com\/de\/krama-geschichte\/geschichte-der-baumwolle#primaryimage","url":"https:\/\/www.kramakrama.com\/de\/wp-content\/uploads\/2025\/03\/Baumwollfeld.webp","contentUrl":"https:\/\/www.kramakrama.com\/de\/wp-content\/uploads\/2025\/03\/Baumwollfeld.webp","width":800,"height":800,"caption":"Baumwollfeld"},{"@type":"BreadcrumbList","@id":"https:\/\/www.kramakrama.com\/de\/krama-geschichte\/geschichte-der-baumwolle#breadcrumb","itemListElement":[{"@type":"ListItem","position":1,"name":"Accueil","item":"https:\/\/www.kramakrama.com\/de\/"},{"@type":"ListItem","position":2,"name":"Krama Geschichte","item":"https:\/\/www.kramakrama.com\/de\/krama-geschichte"},{"@type":"ListItem","position":3,"name":"Geschichte der Baumwolle"}]},{"@type":"WebSite","@id":"https:\/\/www.kramakrama.com\/de\/#website","url":"https:\/\/www.kramakrama.com\/de\/","name":"Krama Krama","description":"","potentialAction":[{"@type":"SearchAction","target":{"@type":"EntryPoint","urlTemplate":"https:\/\/www.kramakrama.com\/de\/?s={search_term_string}"},"query-input":{"@type":"PropertyValueSpecification","valueRequired":true,"valueName":"search_term_string"}}],"inLanguage":"de"}]}},"_links":{"self":[{"href":"https:\/\/www.kramakrama.com\/de\/wp-json\/wp\/v2\/pages\/5034","targetHints":{"allow":["GET"]}}],"collection":[{"href":"https:\/\/www.kramakrama.com\/de\/wp-json\/wp\/v2\/pages"}],"about":[{"href":"https:\/\/www.kramakrama.com\/de\/wp-json\/wp\/v2\/types\/page"}],"author":[{"embeddable":true,"href":"https:\/\/www.kramakrama.com\/de\/wp-json\/wp\/v2\/users\/1"}],"replies":[{"embeddable":true,"href":"https:\/\/www.kramakrama.com\/de\/wp-json\/wp\/v2\/comments?post=5034"}],"version-history":[{"count":8,"href":"https:\/\/www.kramakrama.com\/de\/wp-json\/wp\/v2\/pages\/5034\/revisions"}],"predecessor-version":[{"id":6792,"href":"https:\/\/www.kramakrama.com\/de\/wp-json\/wp\/v2\/pages\/5034\/revisions\/6792"}],"up":[{"embeddable":true,"href":"https:\/\/www.kramakrama.com\/de\/wp-json\/wp\/v2\/pages\/113"}],"wp:attachment":[{"href":"https:\/\/www.kramakrama.com\/de\/wp-json\/wp\/v2\/media?parent=5034"}],"curies":[{"name":"wp","href":"https:\/\/api.w.org\/{rel}","templated":true}]}}