{"id":182,"date":"2015-08-13T22:44:36","date_gmt":"2015-08-13T20:44:36","guid":{"rendered":"http:\/\/www.kramakrama.com\/de\/shop\/schal-krama-blau-tonle-sap"},"modified":"2026-03-03T15:34:34","modified_gmt":"2026-03-03T13:34:34","slug":"schal-krama-blau-tonle-sap","status":"publish","type":"product","link":"https:\/\/www.kramakrama.com\/de\/shop\/schal-krama-blau-tonle-sap","title":{"rendered":"Krama Schal Blau Tonl\u00e9 Sap"},"content":{"rendered":"<p><strong>Warum genau der Krama Tonl\u00e9 Sap?<\/strong><\/p>\n<p>Der Krama Tonl\u00e9 Sap verdankt seinen Namen den unterschiedlichen Blaut\u00f6nen. In Khmer bedeutet das Wort &#8220;gro\u00dfer Fluss von sanftem Wasser&#8221; und steht f\u00fcr See und Fluss. Das gro\u00dfe Angebot an Fischen ist das Hauptnahrungsmittel f\u00fcr gro\u00dfe Teile der Bev\u00f6lkerung. Zudem lassen sich viele vom Aussterben bedrohte V\u00f6gel dort nieder.<\/p>\n","protected":false},"excerpt":{"rendered":"<p>Ein idealer Schal f\u00fcr den Sommer. Die Blauabstufung sorgt f\u00fcr einen einzigartigen Look des kamodschanischen <strong>Krama Schals blau Tonle Sap<\/strong> und vermittelt Ihnen ein Gef\u00fchl von Ausgeglichenheit. Etwas kleiner als andere Modelle unserer Kollektion, pr\u00e4sentiert sich dieses Krama sehr zur\u00fcckhaltend und passt perfekt zu den unterschiedlichsten Kleidungsst\u00fccken.<\/p>\n<p><strong>Material Oberstoff<\/strong> : 50% Baumwolle &#8211; 50% Nylon<br \/>\n<strong>Gr\u00f6\u00dfe<\/strong> : 160 x 30 cm<br \/>\n<strong>Herstellung in Handarbeit von unseren Partner-NGOs in Kambodscha<\/strong><\/p>\n","protected":false},"featured_media":6700,"comment_status":"open","ping_status":"closed","template":"","meta":[],"product_brand":[],"product_cat":[32],"product_tag":[],"class_list":{"0":"post-182","1":"product","2":"type-product","3":"status-publish","4":"has-post-thumbnail","6":"product_cat-bunte-krama","8":"first","9":"outofstock","10":"shipping-taxable","11":"purchasable","12":"product-type-simple"},"yoast_head":"<!-- This site is optimized with the Yoast SEO plugin v27.3 - https:\/\/yoast.com\/product\/yoast-seo-wordpress\/ -->\n<title>Schal krama blau Tonl\u00e9 Sap<\/title>\n<meta name=\"robots\" content=\"index, follow, max-snippet:-1, max-image-preview:large, max-video-preview:-1\" \/>\n<link rel=\"canonical\" href=\"https:\/\/www.kramakrama.com\/de\/shop\/schal-krama-blau-tonle-sap\" \/>\n<meta property=\"og:locale\" content=\"de_DE\" \/>\n<meta property=\"og:type\" content=\"article\" \/>\n<meta property=\"og:title\" content=\"Schal krama blau Tonl\u00e9 Sap\" \/>\n<meta property=\"og:description\" content=\"Ein idealer Schal f\u00fcr den Sommer. Die Blauabstufung sorgt f\u00fcr einen einzigartigen Look des kamodschanischen Krama Schals blau Tonle Sap und vermittelt Ihnen ein Gef\u00fchl von Ausgeglichenheit. Etwas kleiner als andere Modelle unserer Kollektion, pr\u00e4sentiert sich dieses Krama sehr zur\u00fcckhaltend und passt perfekt zu den unterschiedlichsten Kleidungsst\u00fccken.  Material Oberstoff : 50% Baumwolle - 50% Nylon Gr\u00f6\u00dfe : 160 x 30 cm Herstellung in Handarbeit von unseren Partner-NGOs in Kambodscha\" \/>\n<meta property=\"og:url\" content=\"https:\/\/www.kramakrama.com\/de\/shop\/schal-krama-blau-tonle-sap\" \/>\n<meta property=\"og:site_name\" content=\"Krama Krama\" \/>\n<meta property=\"article:modified_time\" content=\"2026-03-03T13:34:34+00:00\" \/>\n<meta property=\"og:image\" content=\"https:\/\/www.kramakrama.com\/de\/wp-content\/uploads\/2015\/08\/krama-mehrfarbig-tonle-sap-2025.jpg\" \/>\n\t<meta property=\"og:image:width\" content=\"1000\" \/>\n\t<meta property=\"og:image:height\" content=\"1140\" \/>\n\t<meta property=\"og:image:type\" content=\"image\/jpeg\" \/>\n<meta name=\"twitter:card\" content=\"summary_large_image\" \/>\n<meta name=\"twitter:label1\" content=\"Gesch\u00e4tzte Lesezeit\" \/>\n\t<meta name=\"twitter:data1\" content=\"1\u00a0Minute\" \/>\n<script type=\"application\/ld+json\" class=\"yoast-schema-graph\">{\"@context\":\"https:\\\/\\\/schema.org\",\"@graph\":[{\"@type\":\"WebPage\",\"@id\":\"https:\\\/\\\/www.kramakrama.com\\\/de\\\/shop\\\/schal-krama-blau-tonle-sap\",\"url\":\"https:\\\/\\\/www.kramakrama.com\\\/de\\\/shop\\\/schal-krama-blau-tonle-sap\",\"name\":\"Schal krama blau Tonl\u00e9 Sap\",\"isPartOf\":{\"@id\":\"https:\\\/\\\/www.kramakrama.com\\\/de\\\/#website\"},\"primaryImageOfPage\":{\"@id\":\"https:\\\/\\\/www.kramakrama.com\\\/de\\\/shop\\\/schal-krama-blau-tonle-sap#primaryimage\"},\"image\":{\"@id\":\"https:\\\/\\\/www.kramakrama.com\\\/de\\\/shop\\\/schal-krama-blau-tonle-sap#primaryimage\"},\"thumbnailUrl\":\"https:\\\/\\\/www.kramakrama.com\\\/de\\\/wp-content\\\/uploads\\\/2015\\\/08\\\/krama-mehrfarbig-tonle-sap-2025.jpg\",\"datePublished\":\"2015-08-13T20:44:36+00:00\",\"dateModified\":\"2026-03-03T13:34:34+00:00\",\"breadcrumb\":{\"@id\":\"https:\\\/\\\/www.kramakrama.com\\\/de\\\/shop\\\/schal-krama-blau-tonle-sap#breadcrumb\"},\"inLanguage\":\"de\",\"potentialAction\":[{\"@type\":\"ReadAction\",\"target\":[\"https:\\\/\\\/www.kramakrama.com\\\/de\\\/shop\\\/schal-krama-blau-tonle-sap\"]}]},{\"@type\":\"ImageObject\",\"inLanguage\":\"de\",\"@id\":\"https:\\\/\\\/www.kramakrama.com\\\/de\\\/shop\\\/schal-krama-blau-tonle-sap#primaryimage\",\"url\":\"https:\\\/\\\/www.kramakrama.com\\\/de\\\/wp-content\\\/uploads\\\/2015\\\/08\\\/krama-mehrfarbig-tonle-sap-2025.jpg\",\"contentUrl\":\"https:\\\/\\\/www.kramakrama.com\\\/de\\\/wp-content\\\/uploads\\\/2015\\\/08\\\/krama-mehrfarbig-tonle-sap-2025.jpg\",\"width\":1000,\"height\":1140,\"caption\":\"schal krama blau Tonle Sap\"},{\"@type\":\"BreadcrumbList\",\"@id\":\"https:\\\/\\\/www.kramakrama.com\\\/de\\\/shop\\\/schal-krama-blau-tonle-sap#breadcrumb\",\"itemListElement\":[{\"@type\":\"ListItem\",\"position\":1,\"name\":\"Accueil\",\"item\":\"https:\\\/\\\/www.kramakrama.com\\\/de\\\/\"},{\"@type\":\"ListItem\",\"position\":2,\"name\":\"Shop\",\"item\":\"https:\\\/\\\/www.kramakrama.com\\\/de\\\/shop\"},{\"@type\":\"ListItem\",\"position\":3,\"name\":\"Krama Schal Blau Tonl\u00e9 Sap\"}]},{\"@type\":\"WebSite\",\"@id\":\"https:\\\/\\\/www.kramakrama.com\\\/de\\\/#website\",\"url\":\"https:\\\/\\\/www.kramakrama.com\\\/de\\\/\",\"name\":\"Krama Krama\",\"description\":\"\",\"potentialAction\":[{\"@type\":\"SearchAction\",\"target\":{\"@type\":\"EntryPoint\",\"urlTemplate\":\"https:\\\/\\\/www.kramakrama.com\\\/de\\\/?s={search_term_string}\"},\"query-input\":{\"@type\":\"PropertyValueSpecification\",\"valueRequired\":true,\"valueName\":\"search_term_string\"}}],\"inLanguage\":\"de\"}]}<\/script>\n<!-- \/ Yoast SEO plugin. -->","yoast_head_json":{"title":"Schal krama blau Tonl\u00e9 Sap","robots":{"index":"index","follow":"follow","max-snippet":"max-snippet:-1","max-image-preview":"max-image-preview:large","max-video-preview":"max-video-preview:-1"},"canonical":"https:\/\/www.kramakrama.com\/de\/shop\/schal-krama-blau-tonle-sap","og_locale":"de_DE","og_type":"article","og_title":"Schal krama blau Tonl\u00e9 Sap","og_description":"Ein idealer Schal f\u00fcr den Sommer. Die Blauabstufung sorgt f\u00fcr einen einzigartigen Look des kamodschanischen Krama Schals blau Tonle Sap und vermittelt Ihnen ein Gef\u00fchl von Ausgeglichenheit. Etwas kleiner als andere Modelle unserer Kollektion, pr\u00e4sentiert sich dieses Krama sehr zur\u00fcckhaltend und passt perfekt zu den unterschiedlichsten Kleidungsst\u00fccken.  Material Oberstoff : 50% Baumwolle - 50% Nylon Gr\u00f6\u00dfe : 160 x 30 cm Herstellung in Handarbeit von unseren Partner-NGOs in Kambodscha","og_url":"https:\/\/www.kramakrama.com\/de\/shop\/schal-krama-blau-tonle-sap","og_site_name":"Krama Krama","article_modified_time":"2026-03-03T13:34:34+00:00","og_image":[{"width":1000,"height":1140,"url":"https:\/\/www.kramakrama.com\/de\/wp-content\/uploads\/2015\/08\/krama-mehrfarbig-tonle-sap-2025.jpg","type":"image\/jpeg"}],"twitter_card":"summary_large_image","twitter_misc":{"Gesch\u00e4tzte Lesezeit":"1\u00a0Minute"},"schema":{"@context":"https:\/\/schema.org","@graph":[{"@type":"WebPage","@id":"https:\/\/www.kramakrama.com\/de\/shop\/schal-krama-blau-tonle-sap","url":"https:\/\/www.kramakrama.com\/de\/shop\/schal-krama-blau-tonle-sap","name":"Schal krama blau Tonl\u00e9 Sap","isPartOf":{"@id":"https:\/\/www.kramakrama.com\/de\/#website"},"primaryImageOfPage":{"@id":"https:\/\/www.kramakrama.com\/de\/shop\/schal-krama-blau-tonle-sap#primaryimage"},"image":{"@id":"https:\/\/www.kramakrama.com\/de\/shop\/schal-krama-blau-tonle-sap#primaryimage"},"thumbnailUrl":"https:\/\/www.kramakrama.com\/de\/wp-content\/uploads\/2015\/08\/krama-mehrfarbig-tonle-sap-2025.jpg","datePublished":"2015-08-13T20:44:36+00:00","dateModified":"2026-03-03T13:34:34+00:00","breadcrumb":{"@id":"https:\/\/www.kramakrama.com\/de\/shop\/schal-krama-blau-tonle-sap#breadcrumb"},"inLanguage":"de","potentialAction":[{"@type":"ReadAction","target":["https:\/\/www.kramakrama.com\/de\/shop\/schal-krama-blau-tonle-sap"]}]},{"@type":"ImageObject","inLanguage":"de","@id":"https:\/\/www.kramakrama.com\/de\/shop\/schal-krama-blau-tonle-sap#primaryimage","url":"https:\/\/www.kramakrama.com\/de\/wp-content\/uploads\/2015\/08\/krama-mehrfarbig-tonle-sap-2025.jpg","contentUrl":"https:\/\/www.kramakrama.com\/de\/wp-content\/uploads\/2015\/08\/krama-mehrfarbig-tonle-sap-2025.jpg","width":1000,"height":1140,"caption":"schal krama blau Tonle Sap"},{"@type":"BreadcrumbList","@id":"https:\/\/www.kramakrama.com\/de\/shop\/schal-krama-blau-tonle-sap#breadcrumb","itemListElement":[{"@type":"ListItem","position":1,"name":"Accueil","item":"https:\/\/www.kramakrama.com\/de\/"},{"@type":"ListItem","position":2,"name":"Shop","item":"https:\/\/www.kramakrama.com\/de\/shop"},{"@type":"ListItem","position":3,"name":"Krama Schal Blau Tonl\u00e9 Sap"}]},{"@type":"WebSite","@id":"https:\/\/www.kramakrama.com\/de\/#website","url":"https:\/\/www.kramakrama.com\/de\/","name":"Krama Krama","description":"","potentialAction":[{"@type":"SearchAction","target":{"@type":"EntryPoint","urlTemplate":"https:\/\/www.kramakrama.com\/de\/?s={search_term_string}"},"query-input":{"@type":"PropertyValueSpecification","valueRequired":true,"valueName":"search_term_string"}}],"inLanguage":"de"}]}},"_links":{"self":[{"href":"https:\/\/www.kramakrama.com\/de\/wp-json\/wp\/v2\/product\/182","targetHints":{"allow":["GET"]}}],"collection":[{"href":"https:\/\/www.kramakrama.com\/de\/wp-json\/wp\/v2\/product"}],"about":[{"href":"https:\/\/www.kramakrama.com\/de\/wp-json\/wp\/v2\/types\/product"}],"replies":[{"embeddable":true,"href":"https:\/\/www.kramakrama.com\/de\/wp-json\/wp\/v2\/comments?post=182"}],"version-history":[{"count":3,"href":"https:\/\/www.kramakrama.com\/de\/wp-json\/wp\/v2\/product\/182\/revisions"}],"predecessor-version":[{"id":7603,"href":"https:\/\/www.kramakrama.com\/de\/wp-json\/wp\/v2\/product\/182\/revisions\/7603"}],"wp:featuredmedia":[{"embeddable":true,"href":"https:\/\/www.kramakrama.com\/de\/wp-json\/wp\/v2\/media\/6700"}],"wp:attachment":[{"href":"https:\/\/www.kramakrama.com\/de\/wp-json\/wp\/v2\/media?parent=182"}],"wp:term":[{"taxonomy":"product_brand","embeddable":true,"href":"https:\/\/www.kramakrama.com\/de\/wp-json\/wp\/v2\/product_brand?post=182"},{"taxonomy":"product_cat","embeddable":true,"href":"https:\/\/www.kramakrama.com\/de\/wp-json\/wp\/v2\/product_cat?post=182"},{"taxonomy":"product_tag","embeddable":true,"href":"https:\/\/www.kramakrama.com\/de\/wp-json\/wp\/v2\/product_tag?post=182"}],"curies":[{"name":"wp","href":"https:\/\/api.w.org\/{rel}","templated":true}]}}