{"id":308,"date":"2016-02-16T12:37:45","date_gmt":"2016-02-16T10:37:45","guid":{"rendered":"http:\/\/www.kramakrama.com\/de\/?post_type=product&#038;p=308"},"modified":"2026-03-03T15:25:45","modified_gmt":"2026-03-03T13:25:45","slug":"krama-rosa-phnom-penh","status":"publish","type":"product","link":"https:\/\/www.kramakrama.com\/de\/shop\/krama-rosa-phnom-penh","title":{"rendered":"Krama Schal Rosa Phnom Penh"},"content":{"rendered":"<p><strong>Phnom Penh ist die Hauptstadt Kambodschas<\/strong><\/p>\n<p>Mit seinen mehr als 1,5 Millionen Einwohnern ist Phnom Penh das wirtschaftliche und politische Zentrum Kambodschas. In dieser Stadt befindet sich der prachtvolle K\u00f6nigstempel ebenso wie der buddhistische Tempel Wat Botum Vattey.<\/p>\n","protected":false},"excerpt":{"rendered":"<p>Der <strong>Krama Phnom Penh<\/strong>, benannt nach dem Namen der Hauptstadt Kambodschas, ist ein vielseitiges Accessoire, das sicher schnell seinen fest Platz in Ihrer Garderobe finden wird. Der Krama Phnom Penh ist als Schal sowohl im Sommer als auch Winter ideal und bezaubert durch sein Motiv und seine Farben (Rosa und Hellgrau). Er passt zu all Ihren Outfits und wird Sie rasch von seiner Weichheit und Webqualit\u00e4t \u00fcberzeugen.<\/p>\n<p><strong>Material Oberstoff<\/strong> : 100% Baumwolle<br \/>\n<strong>Gr\u00f6\u00dfe<\/strong> : 170 x 55 cm<br \/>\n<strong>Herstellung in Handarbeit von unseren Partner-NGOs in Kambodscha<\/strong><\/p>\n","protected":false},"featured_media":6636,"comment_status":"open","ping_status":"closed","template":"","meta":[],"product_brand":[],"product_cat":[11],"product_tag":[],"class_list":{"0":"post-308","1":"product","2":"type-product","3":"status-publish","4":"has-post-thumbnail","6":"product_cat-krama-tempel-von-angkor","8":"first","9":"instock","10":"shipping-taxable","11":"purchasable","12":"product-type-simple"},"yoast_head":"<!-- This site is optimized with the Yoast SEO plugin v27.3 - https:\/\/yoast.com\/product\/yoast-seo-wordpress\/ -->\n<title>Krama Schal Rosa Phnom Penh - Krama Krama<\/title>\n<meta name=\"robots\" content=\"index, follow, max-snippet:-1, max-image-preview:large, max-video-preview:-1\" \/>\n<link rel=\"canonical\" href=\"https:\/\/www.kramakrama.com\/de\/shop\/krama-rosa-phnom-penh\" \/>\n<meta property=\"og:locale\" content=\"de_DE\" \/>\n<meta property=\"og:type\" content=\"article\" \/>\n<meta property=\"og:title\" content=\"Krama Schal Rosa Phnom Penh - Krama Krama\" \/>\n<meta property=\"og:description\" content=\"Der Krama Phnom Penh, benannt nach dem Namen der Hauptstadt Kambodschas, ist ein vielseitiges Accessoire, das sicher schnell seinen fest Platz in Ihrer Garderobe finden wird. Der Krama Phnom Penh ist als Schal sowohl im Sommer als auch Winter ideal und bezaubert durch sein Motiv und seine Farben (Rosa und Hellgrau). Er passt zu all Ihren Outfits und wird Sie rasch von seiner Weichheit und Webqualit\u00e4t \u00fcberzeugen.  Material Oberstoff : 100% Baumwolle Gr\u00f6\u00dfe : 170 x 55 cm Herstellung in Handarbeit von unseren Partner-NGOs in Kambodscha\" \/>\n<meta property=\"og:url\" content=\"https:\/\/www.kramakrama.com\/de\/shop\/krama-rosa-phnom-penh\" \/>\n<meta property=\"og:site_name\" content=\"Krama Krama\" \/>\n<meta property=\"article:modified_time\" content=\"2026-03-03T13:25:45+00:00\" \/>\n<meta property=\"og:image\" content=\"https:\/\/www.kramakrama.com\/de\/wp-content\/uploads\/2016\/02\/krama-phnom-penh-2025.jpg\" \/>\n\t<meta property=\"og:image:width\" content=\"1000\" \/>\n\t<meta property=\"og:image:height\" content=\"1140\" \/>\n\t<meta property=\"og:image:type\" content=\"image\/jpeg\" \/>\n<meta name=\"twitter:card\" content=\"summary_large_image\" \/>\n<meta name=\"twitter:label1\" content=\"Gesch\u00e4tzte Lesezeit\" \/>\n\t<meta name=\"twitter:data1\" content=\"1\u00a0Minute\" \/>\n<script type=\"application\/ld+json\" class=\"yoast-schema-graph\">{\"@context\":\"https:\\\/\\\/schema.org\",\"@graph\":[{\"@type\":\"WebPage\",\"@id\":\"https:\\\/\\\/www.kramakrama.com\\\/de\\\/shop\\\/krama-rosa-phnom-penh\",\"url\":\"https:\\\/\\\/www.kramakrama.com\\\/de\\\/shop\\\/krama-rosa-phnom-penh\",\"name\":\"Krama Schal Rosa Phnom Penh - Krama Krama\",\"isPartOf\":{\"@id\":\"https:\\\/\\\/www.kramakrama.com\\\/de\\\/#website\"},\"primaryImageOfPage\":{\"@id\":\"https:\\\/\\\/www.kramakrama.com\\\/de\\\/shop\\\/krama-rosa-phnom-penh#primaryimage\"},\"image\":{\"@id\":\"https:\\\/\\\/www.kramakrama.com\\\/de\\\/shop\\\/krama-rosa-phnom-penh#primaryimage\"},\"thumbnailUrl\":\"https:\\\/\\\/www.kramakrama.com\\\/de\\\/wp-content\\\/uploads\\\/2016\\\/02\\\/krama-phnom-penh-2025.jpg\",\"datePublished\":\"2016-02-16T10:37:45+00:00\",\"dateModified\":\"2026-03-03T13:25:45+00:00\",\"breadcrumb\":{\"@id\":\"https:\\\/\\\/www.kramakrama.com\\\/de\\\/shop\\\/krama-rosa-phnom-penh#breadcrumb\"},\"inLanguage\":\"de\",\"potentialAction\":[{\"@type\":\"ReadAction\",\"target\":[\"https:\\\/\\\/www.kramakrama.com\\\/de\\\/shop\\\/krama-rosa-phnom-penh\"]}]},{\"@type\":\"ImageObject\",\"inLanguage\":\"de\",\"@id\":\"https:\\\/\\\/www.kramakrama.com\\\/de\\\/shop\\\/krama-rosa-phnom-penh#primaryimage\",\"url\":\"https:\\\/\\\/www.kramakrama.com\\\/de\\\/wp-content\\\/uploads\\\/2016\\\/02\\\/krama-phnom-penh-2025.jpg\",\"contentUrl\":\"https:\\\/\\\/www.kramakrama.com\\\/de\\\/wp-content\\\/uploads\\\/2016\\\/02\\\/krama-phnom-penh-2025.jpg\",\"width\":1000,\"height\":1140,\"caption\":\"krama rosa phnom penh\"},{\"@type\":\"BreadcrumbList\",\"@id\":\"https:\\\/\\\/www.kramakrama.com\\\/de\\\/shop\\\/krama-rosa-phnom-penh#breadcrumb\",\"itemListElement\":[{\"@type\":\"ListItem\",\"position\":1,\"name\":\"Accueil\",\"item\":\"https:\\\/\\\/www.kramakrama.com\\\/de\\\/\"},{\"@type\":\"ListItem\",\"position\":2,\"name\":\"Shop\",\"item\":\"https:\\\/\\\/www.kramakrama.com\\\/de\\\/shop\"},{\"@type\":\"ListItem\",\"position\":3,\"name\":\"Krama Schal Rosa Phnom Penh\"}]},{\"@type\":\"WebSite\",\"@id\":\"https:\\\/\\\/www.kramakrama.com\\\/de\\\/#website\",\"url\":\"https:\\\/\\\/www.kramakrama.com\\\/de\\\/\",\"name\":\"Krama Krama\",\"description\":\"\",\"potentialAction\":[{\"@type\":\"SearchAction\",\"target\":{\"@type\":\"EntryPoint\",\"urlTemplate\":\"https:\\\/\\\/www.kramakrama.com\\\/de\\\/?s={search_term_string}\"},\"query-input\":{\"@type\":\"PropertyValueSpecification\",\"valueRequired\":true,\"valueName\":\"search_term_string\"}}],\"inLanguage\":\"de\"}]}<\/script>\n<!-- \/ Yoast SEO plugin. -->","yoast_head_json":{"title":"Krama Schal Rosa Phnom Penh - Krama Krama","robots":{"index":"index","follow":"follow","max-snippet":"max-snippet:-1","max-image-preview":"max-image-preview:large","max-video-preview":"max-video-preview:-1"},"canonical":"https:\/\/www.kramakrama.com\/de\/shop\/krama-rosa-phnom-penh","og_locale":"de_DE","og_type":"article","og_title":"Krama Schal Rosa Phnom Penh - Krama Krama","og_description":"Der Krama Phnom Penh, benannt nach dem Namen der Hauptstadt Kambodschas, ist ein vielseitiges Accessoire, das sicher schnell seinen fest Platz in Ihrer Garderobe finden wird. Der Krama Phnom Penh ist als Schal sowohl im Sommer als auch Winter ideal und bezaubert durch sein Motiv und seine Farben (Rosa und Hellgrau). Er passt zu all Ihren Outfits und wird Sie rasch von seiner Weichheit und Webqualit\u00e4t \u00fcberzeugen.  Material Oberstoff : 100% Baumwolle Gr\u00f6\u00dfe : 170 x 55 cm Herstellung in Handarbeit von unseren Partner-NGOs in Kambodscha","og_url":"https:\/\/www.kramakrama.com\/de\/shop\/krama-rosa-phnom-penh","og_site_name":"Krama Krama","article_modified_time":"2026-03-03T13:25:45+00:00","og_image":[{"width":1000,"height":1140,"url":"https:\/\/www.kramakrama.com\/de\/wp-content\/uploads\/2016\/02\/krama-phnom-penh-2025.jpg","type":"image\/jpeg"}],"twitter_card":"summary_large_image","twitter_misc":{"Gesch\u00e4tzte Lesezeit":"1\u00a0Minute"},"schema":{"@context":"https:\/\/schema.org","@graph":[{"@type":"WebPage","@id":"https:\/\/www.kramakrama.com\/de\/shop\/krama-rosa-phnom-penh","url":"https:\/\/www.kramakrama.com\/de\/shop\/krama-rosa-phnom-penh","name":"Krama Schal Rosa Phnom Penh - Krama Krama","isPartOf":{"@id":"https:\/\/www.kramakrama.com\/de\/#website"},"primaryImageOfPage":{"@id":"https:\/\/www.kramakrama.com\/de\/shop\/krama-rosa-phnom-penh#primaryimage"},"image":{"@id":"https:\/\/www.kramakrama.com\/de\/shop\/krama-rosa-phnom-penh#primaryimage"},"thumbnailUrl":"https:\/\/www.kramakrama.com\/de\/wp-content\/uploads\/2016\/02\/krama-phnom-penh-2025.jpg","datePublished":"2016-02-16T10:37:45+00:00","dateModified":"2026-03-03T13:25:45+00:00","breadcrumb":{"@id":"https:\/\/www.kramakrama.com\/de\/shop\/krama-rosa-phnom-penh#breadcrumb"},"inLanguage":"de","potentialAction":[{"@type":"ReadAction","target":["https:\/\/www.kramakrama.com\/de\/shop\/krama-rosa-phnom-penh"]}]},{"@type":"ImageObject","inLanguage":"de","@id":"https:\/\/www.kramakrama.com\/de\/shop\/krama-rosa-phnom-penh#primaryimage","url":"https:\/\/www.kramakrama.com\/de\/wp-content\/uploads\/2016\/02\/krama-phnom-penh-2025.jpg","contentUrl":"https:\/\/www.kramakrama.com\/de\/wp-content\/uploads\/2016\/02\/krama-phnom-penh-2025.jpg","width":1000,"height":1140,"caption":"krama rosa phnom penh"},{"@type":"BreadcrumbList","@id":"https:\/\/www.kramakrama.com\/de\/shop\/krama-rosa-phnom-penh#breadcrumb","itemListElement":[{"@type":"ListItem","position":1,"name":"Accueil","item":"https:\/\/www.kramakrama.com\/de\/"},{"@type":"ListItem","position":2,"name":"Shop","item":"https:\/\/www.kramakrama.com\/de\/shop"},{"@type":"ListItem","position":3,"name":"Krama Schal Rosa Phnom Penh"}]},{"@type":"WebSite","@id":"https:\/\/www.kramakrama.com\/de\/#website","url":"https:\/\/www.kramakrama.com\/de\/","name":"Krama Krama","description":"","potentialAction":[{"@type":"SearchAction","target":{"@type":"EntryPoint","urlTemplate":"https:\/\/www.kramakrama.com\/de\/?s={search_term_string}"},"query-input":{"@type":"PropertyValueSpecification","valueRequired":true,"valueName":"search_term_string"}}],"inLanguage":"de"}]}},"_links":{"self":[{"href":"https:\/\/www.kramakrama.com\/de\/wp-json\/wp\/v2\/product\/308","targetHints":{"allow":["GET"]}}],"collection":[{"href":"https:\/\/www.kramakrama.com\/de\/wp-json\/wp\/v2\/product"}],"about":[{"href":"https:\/\/www.kramakrama.com\/de\/wp-json\/wp\/v2\/types\/product"}],"replies":[{"embeddable":true,"href":"https:\/\/www.kramakrama.com\/de\/wp-json\/wp\/v2\/comments?post=308"}],"version-history":[{"count":3,"href":"https:\/\/www.kramakrama.com\/de\/wp-json\/wp\/v2\/product\/308\/revisions"}],"predecessor-version":[{"id":7569,"href":"https:\/\/www.kramakrama.com\/de\/wp-json\/wp\/v2\/product\/308\/revisions\/7569"}],"wp:featuredmedia":[{"embeddable":true,"href":"https:\/\/www.kramakrama.com\/de\/wp-json\/wp\/v2\/media\/6636"}],"wp:attachment":[{"href":"https:\/\/www.kramakrama.com\/de\/wp-json\/wp\/v2\/media?parent=308"}],"wp:term":[{"taxonomy":"product_brand","embeddable":true,"href":"https:\/\/www.kramakrama.com\/de\/wp-json\/wp\/v2\/product_brand?post=308"},{"taxonomy":"product_cat","embeddable":true,"href":"https:\/\/www.kramakrama.com\/de\/wp-json\/wp\/v2\/product_cat?post=308"},{"taxonomy":"product_tag","embeddable":true,"href":"https:\/\/www.kramakrama.com\/de\/wp-json\/wp\/v2\/product_tag?post=308"}],"curies":[{"name":"wp","href":"https:\/\/api.w.org\/{rel}","templated":true}]}}