{"id":334,"date":"2016-07-21T08:25:25","date_gmt":"2016-07-21T06:25:25","guid":{"rendered":"http:\/\/www.kramakrama.com\/de\/?post_type=product&#038;p=334"},"modified":"2026-03-03T15:31:00","modified_gmt":"2026-03-03T13:31:00","slug":"krama-schal-sala-bai","status":"publish","type":"product","link":"https:\/\/www.kramakrama.com\/de\/shop\/krama-schal-sala-bai","title":{"rendered":"Krama Schal Sala Ba\u00ef"},"content":{"rendered":"<p>Ein paar Worte von der Textildesignerin dieses Krama : <strong>Magali An Berthon<\/strong>: \u201eDas Sala Bai-Schal ist ein peppiges St\u00fcck, das von den traditionellen Kramas aus Kambodscha inspiriert ist, mit einem Hauch von Madras. Die Webart mischt ein Spiel aus gro\u00dfen Karos und Vichykaros in fruchtigen Lila- und Oranget\u00f6nen, die in den Farben der NGO Agir pour le Cambodge \/ Sala Bai gehalten sind.\u201c<\/p>\n<p><strong>10% der auf Krama Krama gekauften T\u00fccher gehen an die Sala Ba\u00ef-Schule. Weitere Informationen finden Sie auf dieser Seite <a href=\"https:\/\/www.kramakrama.com\/de\/schule-sala-bai\">https:\/\/www.kramakrama.com\/de\/schule-sala-bai<\/a><\/strong><\/p>\n","protected":false},"excerpt":{"rendered":"<p>Das <strong>Krama Sala Bai<\/strong> wurde hergestellt, um die Schule Sala Ba\u00ef in Kambodscha zu unterst\u00fctzen. Krama Krama stellt der Schule kostenlos Schals zur Verf\u00fcgung, damit Geld gesammelt werden kann, um die Entwicklung dieser Einrichtung zu erm\u00f6glichen, in der benachteiligte junge Kambodschaner in den Berufen des Hotel- und Gastst\u00e4ttengewerbes ausgebildet werden. Diese Kramas in den Farben der Schule Sala Ba\u00ef sind auch in der Schule in Siem Reap in Kambodscha erh\u00e4ltlich.<\/p>\n<p><strong><span style=\"vertical-align: inherit;\"><span style=\"vertical-align: inherit;\">Material Oberstoff <\/span><\/span><\/strong><span style=\"vertical-align: inherit;\"><span style=\"vertical-align: inherit;\">: 100% Baumwolle<\/span><\/span><strong><span style=\"vertical-align: inherit;\"><span style=\"vertical-align: inherit;\"><br \/>\n<\/span><\/span><\/strong><span style=\"vertical-align: inherit;\"><span style=\"vertical-align: inherit;\"><strong>Gr\u00f6\u00dfe<\/strong> : 175 x 70 cm<\/span><\/span><br \/>\n<strong>Herstellung in Handarbeit von unseren Partner-NGOs in Kambodscha<\/strong><\/p>\n","protected":false},"featured_media":6688,"comment_status":"open","ping_status":"closed","template":"","meta":[],"product_brand":[],"product_cat":[10],"product_tag":[],"class_list":{"0":"post-334","1":"product","2":"type-product","3":"status-publish","4":"has-post-thumbnail","6":"product_cat-traditionellen-krama-schal","8":"first","9":"outofstock","10":"shipping-taxable","11":"purchasable","12":"product-type-simple"},"yoast_head":"<!-- This site is optimized with the Yoast SEO plugin v27.4 - https:\/\/yoast.com\/product\/yoast-seo-wordpress\/ -->\n<title>Krama Schal Sala Ba\u00ef - Krama Krama<\/title>\n<meta name=\"robots\" content=\"index, follow, max-snippet:-1, max-image-preview:large, max-video-preview:-1\" \/>\n<link rel=\"canonical\" href=\"https:\/\/www.kramakrama.com\/de\/shop\/krama-schal-sala-bai\" \/>\n<meta property=\"og:locale\" content=\"de_DE\" \/>\n<meta property=\"og:type\" content=\"article\" \/>\n<meta property=\"og:title\" content=\"Krama Schal Sala Ba\u00ef - Krama Krama\" \/>\n<meta property=\"og:description\" content=\"Das Krama Sala Bai wurde hergestellt, um die Schule Sala Ba\u00ef in Kambodscha zu unterst\u00fctzen. Krama Krama stellt der Schule kostenlos Schals zur Verf\u00fcgung, damit Geld gesammelt werden kann, um die Entwicklung dieser Einrichtung zu erm\u00f6glichen, in der benachteiligte junge Kambodschaner in den Berufen des Hotel- und Gastst\u00e4ttengewerbes ausgebildet werden. Diese Kramas in den Farben der Schule Sala Ba\u00ef sind auch in der Schule in Siem Reap in Kambodscha erh\u00e4ltlich.  Material Oberstoff : 100% Baumwolle Gr\u00f6\u00dfe : 175 x 70 cm Herstellung in Handarbeit von unseren Partner-NGOs in Kambodscha\" \/>\n<meta property=\"og:url\" content=\"https:\/\/www.kramakrama.com\/de\/shop\/krama-schal-sala-bai\" \/>\n<meta property=\"og:site_name\" content=\"Krama Krama\" \/>\n<meta property=\"article:modified_time\" content=\"2026-03-03T13:31:00+00:00\" \/>\n<meta property=\"og:image\" content=\"https:\/\/www.kramakrama.com\/de\/wp-content\/uploads\/2016\/07\/krama-sala-bai-orange-2025.jpg\" \/>\n\t<meta property=\"og:image:width\" content=\"1000\" \/>\n\t<meta property=\"og:image:height\" content=\"1140\" \/>\n\t<meta property=\"og:image:type\" content=\"image\/jpeg\" \/>\n<meta name=\"twitter:card\" content=\"summary_large_image\" \/>\n<meta name=\"twitter:label1\" content=\"Gesch\u00e4tzte Lesezeit\" \/>\n\t<meta name=\"twitter:data1\" content=\"1\u00a0Minute\" \/>\n<script type=\"application\/ld+json\" class=\"yoast-schema-graph\">{\"@context\":\"https:\\\/\\\/schema.org\",\"@graph\":[{\"@type\":\"WebPage\",\"@id\":\"https:\\\/\\\/www.kramakrama.com\\\/de\\\/shop\\\/krama-schal-sala-bai\",\"url\":\"https:\\\/\\\/www.kramakrama.com\\\/de\\\/shop\\\/krama-schal-sala-bai\",\"name\":\"Krama Schal Sala Ba\u00ef - Krama Krama\",\"isPartOf\":{\"@id\":\"https:\\\/\\\/www.kramakrama.com\\\/de\\\/#website\"},\"primaryImageOfPage\":{\"@id\":\"https:\\\/\\\/www.kramakrama.com\\\/de\\\/shop\\\/krama-schal-sala-bai#primaryimage\"},\"image\":{\"@id\":\"https:\\\/\\\/www.kramakrama.com\\\/de\\\/shop\\\/krama-schal-sala-bai#primaryimage\"},\"thumbnailUrl\":\"https:\\\/\\\/www.kramakrama.com\\\/de\\\/wp-content\\\/uploads\\\/2016\\\/07\\\/krama-sala-bai-orange-2025.jpg\",\"datePublished\":\"2016-07-21T06:25:25+00:00\",\"dateModified\":\"2026-03-03T13:31:00+00:00\",\"breadcrumb\":{\"@id\":\"https:\\\/\\\/www.kramakrama.com\\\/de\\\/shop\\\/krama-schal-sala-bai#breadcrumb\"},\"inLanguage\":\"de\",\"potentialAction\":[{\"@type\":\"ReadAction\",\"target\":[\"https:\\\/\\\/www.kramakrama.com\\\/de\\\/shop\\\/krama-schal-sala-bai\"]}]},{\"@type\":\"ImageObject\",\"inLanguage\":\"de\",\"@id\":\"https:\\\/\\\/www.kramakrama.com\\\/de\\\/shop\\\/krama-schal-sala-bai#primaryimage\",\"url\":\"https:\\\/\\\/www.kramakrama.com\\\/de\\\/wp-content\\\/uploads\\\/2016\\\/07\\\/krama-sala-bai-orange-2025.jpg\",\"contentUrl\":\"https:\\\/\\\/www.kramakrama.com\\\/de\\\/wp-content\\\/uploads\\\/2016\\\/07\\\/krama-sala-bai-orange-2025.jpg\",\"width\":1000,\"height\":1140,\"caption\":\"krama schal sala ba\u00ef orange\"},{\"@type\":\"BreadcrumbList\",\"@id\":\"https:\\\/\\\/www.kramakrama.com\\\/de\\\/shop\\\/krama-schal-sala-bai#breadcrumb\",\"itemListElement\":[{\"@type\":\"ListItem\",\"position\":1,\"name\":\"Accueil\",\"item\":\"https:\\\/\\\/www.kramakrama.com\\\/de\\\/\"},{\"@type\":\"ListItem\",\"position\":2,\"name\":\"Shop\",\"item\":\"https:\\\/\\\/www.kramakrama.com\\\/de\\\/shop\"},{\"@type\":\"ListItem\",\"position\":3,\"name\":\"Krama Schal Sala Ba\u00ef\"}]},{\"@type\":\"WebSite\",\"@id\":\"https:\\\/\\\/www.kramakrama.com\\\/de\\\/#website\",\"url\":\"https:\\\/\\\/www.kramakrama.com\\\/de\\\/\",\"name\":\"Krama Krama\",\"description\":\"\",\"potentialAction\":[{\"@type\":\"SearchAction\",\"target\":{\"@type\":\"EntryPoint\",\"urlTemplate\":\"https:\\\/\\\/www.kramakrama.com\\\/de\\\/?s={search_term_string}\"},\"query-input\":{\"@type\":\"PropertyValueSpecification\",\"valueRequired\":true,\"valueName\":\"search_term_string\"}}],\"inLanguage\":\"de\"}]}<\/script>\n<!-- \/ Yoast SEO plugin. -->","yoast_head_json":{"title":"Krama Schal Sala Ba\u00ef - Krama Krama","robots":{"index":"index","follow":"follow","max-snippet":"max-snippet:-1","max-image-preview":"max-image-preview:large","max-video-preview":"max-video-preview:-1"},"canonical":"https:\/\/www.kramakrama.com\/de\/shop\/krama-schal-sala-bai","og_locale":"de_DE","og_type":"article","og_title":"Krama Schal Sala Ba\u00ef - Krama Krama","og_description":"Das Krama Sala Bai wurde hergestellt, um die Schule Sala Ba\u00ef in Kambodscha zu unterst\u00fctzen. Krama Krama stellt der Schule kostenlos Schals zur Verf\u00fcgung, damit Geld gesammelt werden kann, um die Entwicklung dieser Einrichtung zu erm\u00f6glichen, in der benachteiligte junge Kambodschaner in den Berufen des Hotel- und Gastst\u00e4ttengewerbes ausgebildet werden. Diese Kramas in den Farben der Schule Sala Ba\u00ef sind auch in der Schule in Siem Reap in Kambodscha erh\u00e4ltlich.  Material Oberstoff : 100% Baumwolle Gr\u00f6\u00dfe : 175 x 70 cm Herstellung in Handarbeit von unseren Partner-NGOs in Kambodscha","og_url":"https:\/\/www.kramakrama.com\/de\/shop\/krama-schal-sala-bai","og_site_name":"Krama Krama","article_modified_time":"2026-03-03T13:31:00+00:00","og_image":[{"width":1000,"height":1140,"url":"https:\/\/www.kramakrama.com\/de\/wp-content\/uploads\/2016\/07\/krama-sala-bai-orange-2025.jpg","type":"image\/jpeg"}],"twitter_card":"summary_large_image","twitter_misc":{"Gesch\u00e4tzte Lesezeit":"1\u00a0Minute"},"schema":{"@context":"https:\/\/schema.org","@graph":[{"@type":"WebPage","@id":"https:\/\/www.kramakrama.com\/de\/shop\/krama-schal-sala-bai","url":"https:\/\/www.kramakrama.com\/de\/shop\/krama-schal-sala-bai","name":"Krama Schal Sala Ba\u00ef - Krama Krama","isPartOf":{"@id":"https:\/\/www.kramakrama.com\/de\/#website"},"primaryImageOfPage":{"@id":"https:\/\/www.kramakrama.com\/de\/shop\/krama-schal-sala-bai#primaryimage"},"image":{"@id":"https:\/\/www.kramakrama.com\/de\/shop\/krama-schal-sala-bai#primaryimage"},"thumbnailUrl":"https:\/\/www.kramakrama.com\/de\/wp-content\/uploads\/2016\/07\/krama-sala-bai-orange-2025.jpg","datePublished":"2016-07-21T06:25:25+00:00","dateModified":"2026-03-03T13:31:00+00:00","breadcrumb":{"@id":"https:\/\/www.kramakrama.com\/de\/shop\/krama-schal-sala-bai#breadcrumb"},"inLanguage":"de","potentialAction":[{"@type":"ReadAction","target":["https:\/\/www.kramakrama.com\/de\/shop\/krama-schal-sala-bai"]}]},{"@type":"ImageObject","inLanguage":"de","@id":"https:\/\/www.kramakrama.com\/de\/shop\/krama-schal-sala-bai#primaryimage","url":"https:\/\/www.kramakrama.com\/de\/wp-content\/uploads\/2016\/07\/krama-sala-bai-orange-2025.jpg","contentUrl":"https:\/\/www.kramakrama.com\/de\/wp-content\/uploads\/2016\/07\/krama-sala-bai-orange-2025.jpg","width":1000,"height":1140,"caption":"krama schal sala ba\u00ef orange"},{"@type":"BreadcrumbList","@id":"https:\/\/www.kramakrama.com\/de\/shop\/krama-schal-sala-bai#breadcrumb","itemListElement":[{"@type":"ListItem","position":1,"name":"Accueil","item":"https:\/\/www.kramakrama.com\/de\/"},{"@type":"ListItem","position":2,"name":"Shop","item":"https:\/\/www.kramakrama.com\/de\/shop"},{"@type":"ListItem","position":3,"name":"Krama Schal Sala Ba\u00ef"}]},{"@type":"WebSite","@id":"https:\/\/www.kramakrama.com\/de\/#website","url":"https:\/\/www.kramakrama.com\/de\/","name":"Krama Krama","description":"","potentialAction":[{"@type":"SearchAction","target":{"@type":"EntryPoint","urlTemplate":"https:\/\/www.kramakrama.com\/de\/?s={search_term_string}"},"query-input":{"@type":"PropertyValueSpecification","valueRequired":true,"valueName":"search_term_string"}}],"inLanguage":"de"}]}},"_links":{"self":[{"href":"https:\/\/www.kramakrama.com\/de\/wp-json\/wp\/v2\/product\/334","targetHints":{"allow":["GET"]}}],"collection":[{"href":"https:\/\/www.kramakrama.com\/de\/wp-json\/wp\/v2\/product"}],"about":[{"href":"https:\/\/www.kramakrama.com\/de\/wp-json\/wp\/v2\/types\/product"}],"replies":[{"embeddable":true,"href":"https:\/\/www.kramakrama.com\/de\/wp-json\/wp\/v2\/comments?post=334"}],"version-history":[{"count":3,"href":"https:\/\/www.kramakrama.com\/de\/wp-json\/wp\/v2\/product\/334\/revisions"}],"predecessor-version":[{"id":7597,"href":"https:\/\/www.kramakrama.com\/de\/wp-json\/wp\/v2\/product\/334\/revisions\/7597"}],"wp:featuredmedia":[{"embeddable":true,"href":"https:\/\/www.kramakrama.com\/de\/wp-json\/wp\/v2\/media\/6688"}],"wp:attachment":[{"href":"https:\/\/www.kramakrama.com\/de\/wp-json\/wp\/v2\/media?parent=334"}],"wp:term":[{"taxonomy":"product_brand","embeddable":true,"href":"https:\/\/www.kramakrama.com\/de\/wp-json\/wp\/v2\/product_brand?post=334"},{"taxonomy":"product_cat","embeddable":true,"href":"https:\/\/www.kramakrama.com\/de\/wp-json\/wp\/v2\/product_cat?post=334"},{"taxonomy":"product_tag","embeddable":true,"href":"https:\/\/www.kramakrama.com\/de\/wp-json\/wp\/v2\/product_tag?post=334"}],"curies":[{"name":"wp","href":"https:\/\/api.w.org\/{rel}","templated":true}]}}