{"id":4966,"date":"2023-11-02T15:50:08","date_gmt":"2023-11-02T13:50:08","guid":{"rendered":"https:\/\/www.kramakrama.com\/de\/?post_type=product&#038;p=4966"},"modified":"2026-03-03T15:18:43","modified_gmt":"2026-03-03T13:18:43","slug":"krama-bat-chum","status":"publish","type":"product","link":"https:\/\/www.kramakrama.com\/de\/shop\/krama-bat-chum","title":{"rendered":"Krama Schal Bat Chum"},"content":{"rendered":"<p><strong>Bat Chum<\/strong> ist ein kleiner buddhistischer Tempel, der von Kavindrarimathana, einem Berater des K\u00f6nigs Rajendravarman, erbaut wurde. Er ist wegen seiner gut erhaltenen Inschriften bemerkenswert, und es wird vermutet, dass der Tempel mit Zustimmung, aber nicht unter dem direkten Befehl des K\u00f6nigs gebaut wurde.<\/p>\n<p>Baudatum: Mitte des 10. jahrhunderts<br \/>\nReligion: Buddhistisch<\/p>\n","protected":false},"excerpt":{"rendered":"<p>Veredeln Sie Ihren Stil mit dem <strong>Krama Bat Chum<\/strong>. Sein sattes Blau, das an den Himmel in der Abendd\u00e4mmerung erinnert, ist die perfekte Wahl f\u00fcr alle, die nach einem Hauch von t\u00e4glichem Luxus suchen. In Handarbeit gefertigt, ist jedes Tuch ein Unikat und verspricht Ihnen unvergleichliche Weichheit und Komfort.<\/p>\n<p><strong>Zusammensetzung<\/strong>: 100% Baumwolle.<br \/>\n<strong>Ma\u00dfe<\/strong>: 170 x 55 cm<br \/>\n<strong>Handwerkliche Herstellung<\/strong> durch unsere Weberinnenwerkstatt in Siem Reap, Kambodscha<\/p>\n","protected":false},"featured_media":7067,"comment_status":"open","ping_status":"closed","template":"","meta":[],"product_brand":[],"product_cat":[11],"product_tag":[],"class_list":{"0":"post-4966","1":"product","2":"type-product","3":"status-publish","4":"has-post-thumbnail","6":"product_cat-krama-tempel-von-angkor","8":"first","9":"instock","10":"featured","11":"shipping-taxable","12":"purchasable","13":"product-type-simple"},"yoast_head":"<!-- This site is optimized with the Yoast SEO plugin v27.3 - https:\/\/yoast.com\/product\/yoast-seo-wordpress\/ -->\n<title>Krama Schal Bat Chum - angkor-region - Krama Krama<\/title>\n<meta name=\"robots\" content=\"index, follow, max-snippet:-1, max-image-preview:large, max-video-preview:-1\" \/>\n<link rel=\"canonical\" href=\"https:\/\/www.kramakrama.com\/de\/shop\/krama-bat-chum\" \/>\n<meta property=\"og:locale\" content=\"de_DE\" \/>\n<meta property=\"og:type\" content=\"article\" \/>\n<meta property=\"og:title\" content=\"Krama Schal Bat Chum - angkor-region - Krama Krama\" \/>\n<meta property=\"og:description\" content=\"Veredeln Sie Ihren Stil mit dem Krama Bat Chum. Sein sattes Blau, das an den Himmel in der Abendd\u00e4mmerung erinnert, ist die perfekte Wahl f\u00fcr alle, die nach einem Hauch von t\u00e4glichem Luxus suchen. In Handarbeit gefertigt, ist jedes Tuch ein Unikat und verspricht Ihnen unvergleichliche Weichheit und Komfort.  Zusammensetzung: 100% Baumwolle. Ma\u00dfe: 170 x 55 cm Handwerkliche Herstellung durch unsere Weberinnenwerkstatt in Siem Reap, Kambodscha\" \/>\n<meta property=\"og:url\" content=\"https:\/\/www.kramakrama.com\/de\/shop\/krama-bat-chum\" \/>\n<meta property=\"og:site_name\" content=\"Krama Krama\" \/>\n<meta property=\"article:modified_time\" content=\"2026-03-03T13:18:43+00:00\" \/>\n<meta property=\"og:image\" content=\"https:\/\/www.kramakrama.com\/de\/wp-content\/uploads\/2023\/11\/krama-bat-chum-2026.jpg\" \/>\n\t<meta property=\"og:image:width\" content=\"1000\" \/>\n\t<meta property=\"og:image:height\" content=\"1140\" \/>\n\t<meta property=\"og:image:type\" content=\"image\/jpeg\" \/>\n<meta name=\"twitter:card\" content=\"summary_large_image\" \/>\n<meta name=\"twitter:label1\" content=\"Gesch\u00e4tzte Lesezeit\" \/>\n\t<meta name=\"twitter:data1\" content=\"1\u00a0Minute\" \/>\n<script type=\"application\/ld+json\" class=\"yoast-schema-graph\">{\"@context\":\"https:\\\/\\\/schema.org\",\"@graph\":[{\"@type\":\"WebPage\",\"@id\":\"https:\\\/\\\/www.kramakrama.com\\\/de\\\/shop\\\/krama-bat-chum\",\"url\":\"https:\\\/\\\/www.kramakrama.com\\\/de\\\/shop\\\/krama-bat-chum\",\"name\":\"Krama Schal Bat Chum - angkor-region - Krama Krama\",\"isPartOf\":{\"@id\":\"https:\\\/\\\/www.kramakrama.com\\\/de\\\/#website\"},\"primaryImageOfPage\":{\"@id\":\"https:\\\/\\\/www.kramakrama.com\\\/de\\\/shop\\\/krama-bat-chum#primaryimage\"},\"image\":{\"@id\":\"https:\\\/\\\/www.kramakrama.com\\\/de\\\/shop\\\/krama-bat-chum#primaryimage\"},\"thumbnailUrl\":\"https:\\\/\\\/www.kramakrama.com\\\/de\\\/wp-content\\\/uploads\\\/2023\\\/11\\\/krama-bat-chum-2026.jpg\",\"datePublished\":\"2023-11-02T13:50:08+00:00\",\"dateModified\":\"2026-03-03T13:18:43+00:00\",\"breadcrumb\":{\"@id\":\"https:\\\/\\\/www.kramakrama.com\\\/de\\\/shop\\\/krama-bat-chum#breadcrumb\"},\"inLanguage\":\"de\",\"potentialAction\":[{\"@type\":\"ReadAction\",\"target\":[\"https:\\\/\\\/www.kramakrama.com\\\/de\\\/shop\\\/krama-bat-chum\"]}]},{\"@type\":\"ImageObject\",\"inLanguage\":\"de\",\"@id\":\"https:\\\/\\\/www.kramakrama.com\\\/de\\\/shop\\\/krama-bat-chum#primaryimage\",\"url\":\"https:\\\/\\\/www.kramakrama.com\\\/de\\\/wp-content\\\/uploads\\\/2023\\\/11\\\/krama-bat-chum-2026.jpg\",\"contentUrl\":\"https:\\\/\\\/www.kramakrama.com\\\/de\\\/wp-content\\\/uploads\\\/2023\\\/11\\\/krama-bat-chum-2026.jpg\",\"width\":1000,\"height\":1140,\"caption\":\"krama schal blau bat chum\"},{\"@type\":\"BreadcrumbList\",\"@id\":\"https:\\\/\\\/www.kramakrama.com\\\/de\\\/shop\\\/krama-bat-chum#breadcrumb\",\"itemListElement\":[{\"@type\":\"ListItem\",\"position\":1,\"name\":\"Accueil\",\"item\":\"https:\\\/\\\/www.kramakrama.com\\\/de\\\/\"},{\"@type\":\"ListItem\",\"position\":2,\"name\":\"Shop\",\"item\":\"https:\\\/\\\/www.kramakrama.com\\\/de\\\/shop\"},{\"@type\":\"ListItem\",\"position\":3,\"name\":\"Krama Schal Bat Chum\"}]},{\"@type\":\"WebSite\",\"@id\":\"https:\\\/\\\/www.kramakrama.com\\\/de\\\/#website\",\"url\":\"https:\\\/\\\/www.kramakrama.com\\\/de\\\/\",\"name\":\"Krama Krama\",\"description\":\"\",\"potentialAction\":[{\"@type\":\"SearchAction\",\"target\":{\"@type\":\"EntryPoint\",\"urlTemplate\":\"https:\\\/\\\/www.kramakrama.com\\\/de\\\/?s={search_term_string}\"},\"query-input\":{\"@type\":\"PropertyValueSpecification\",\"valueRequired\":true,\"valueName\":\"search_term_string\"}}],\"inLanguage\":\"de\"}]}<\/script>\n<!-- \/ Yoast SEO plugin. -->","yoast_head_json":{"title":"Krama Schal Bat Chum - angkor-region - Krama Krama","robots":{"index":"index","follow":"follow","max-snippet":"max-snippet:-1","max-image-preview":"max-image-preview:large","max-video-preview":"max-video-preview:-1"},"canonical":"https:\/\/www.kramakrama.com\/de\/shop\/krama-bat-chum","og_locale":"de_DE","og_type":"article","og_title":"Krama Schal Bat Chum - angkor-region - Krama Krama","og_description":"Veredeln Sie Ihren Stil mit dem Krama Bat Chum. Sein sattes Blau, das an den Himmel in der Abendd\u00e4mmerung erinnert, ist die perfekte Wahl f\u00fcr alle, die nach einem Hauch von t\u00e4glichem Luxus suchen. In Handarbeit gefertigt, ist jedes Tuch ein Unikat und verspricht Ihnen unvergleichliche Weichheit und Komfort.  Zusammensetzung: 100% Baumwolle. Ma\u00dfe: 170 x 55 cm Handwerkliche Herstellung durch unsere Weberinnenwerkstatt in Siem Reap, Kambodscha","og_url":"https:\/\/www.kramakrama.com\/de\/shop\/krama-bat-chum","og_site_name":"Krama Krama","article_modified_time":"2026-03-03T13:18:43+00:00","og_image":[{"width":1000,"height":1140,"url":"https:\/\/www.kramakrama.com\/de\/wp-content\/uploads\/2023\/11\/krama-bat-chum-2026.jpg","type":"image\/jpeg"}],"twitter_card":"summary_large_image","twitter_misc":{"Gesch\u00e4tzte Lesezeit":"1\u00a0Minute"},"schema":{"@context":"https:\/\/schema.org","@graph":[{"@type":"WebPage","@id":"https:\/\/www.kramakrama.com\/de\/shop\/krama-bat-chum","url":"https:\/\/www.kramakrama.com\/de\/shop\/krama-bat-chum","name":"Krama Schal Bat Chum - angkor-region - Krama Krama","isPartOf":{"@id":"https:\/\/www.kramakrama.com\/de\/#website"},"primaryImageOfPage":{"@id":"https:\/\/www.kramakrama.com\/de\/shop\/krama-bat-chum#primaryimage"},"image":{"@id":"https:\/\/www.kramakrama.com\/de\/shop\/krama-bat-chum#primaryimage"},"thumbnailUrl":"https:\/\/www.kramakrama.com\/de\/wp-content\/uploads\/2023\/11\/krama-bat-chum-2026.jpg","datePublished":"2023-11-02T13:50:08+00:00","dateModified":"2026-03-03T13:18:43+00:00","breadcrumb":{"@id":"https:\/\/www.kramakrama.com\/de\/shop\/krama-bat-chum#breadcrumb"},"inLanguage":"de","potentialAction":[{"@type":"ReadAction","target":["https:\/\/www.kramakrama.com\/de\/shop\/krama-bat-chum"]}]},{"@type":"ImageObject","inLanguage":"de","@id":"https:\/\/www.kramakrama.com\/de\/shop\/krama-bat-chum#primaryimage","url":"https:\/\/www.kramakrama.com\/de\/wp-content\/uploads\/2023\/11\/krama-bat-chum-2026.jpg","contentUrl":"https:\/\/www.kramakrama.com\/de\/wp-content\/uploads\/2023\/11\/krama-bat-chum-2026.jpg","width":1000,"height":1140,"caption":"krama schal blau bat chum"},{"@type":"BreadcrumbList","@id":"https:\/\/www.kramakrama.com\/de\/shop\/krama-bat-chum#breadcrumb","itemListElement":[{"@type":"ListItem","position":1,"name":"Accueil","item":"https:\/\/www.kramakrama.com\/de\/"},{"@type":"ListItem","position":2,"name":"Shop","item":"https:\/\/www.kramakrama.com\/de\/shop"},{"@type":"ListItem","position":3,"name":"Krama Schal Bat Chum"}]},{"@type":"WebSite","@id":"https:\/\/www.kramakrama.com\/de\/#website","url":"https:\/\/www.kramakrama.com\/de\/","name":"Krama Krama","description":"","potentialAction":[{"@type":"SearchAction","target":{"@type":"EntryPoint","urlTemplate":"https:\/\/www.kramakrama.com\/de\/?s={search_term_string}"},"query-input":{"@type":"PropertyValueSpecification","valueRequired":true,"valueName":"search_term_string"}}],"inLanguage":"de"}]}},"_links":{"self":[{"href":"https:\/\/www.kramakrama.com\/de\/wp-json\/wp\/v2\/product\/4966","targetHints":{"allow":["GET"]}}],"collection":[{"href":"https:\/\/www.kramakrama.com\/de\/wp-json\/wp\/v2\/product"}],"about":[{"href":"https:\/\/www.kramakrama.com\/de\/wp-json\/wp\/v2\/types\/product"}],"replies":[{"embeddable":true,"href":"https:\/\/www.kramakrama.com\/de\/wp-json\/wp\/v2\/comments?post=4966"}],"version-history":[{"count":2,"href":"https:\/\/www.kramakrama.com\/de\/wp-json\/wp\/v2\/product\/4966\/revisions"}],"predecessor-version":[{"id":7538,"href":"https:\/\/www.kramakrama.com\/de\/wp-json\/wp\/v2\/product\/4966\/revisions\/7538"}],"wp:featuredmedia":[{"embeddable":true,"href":"https:\/\/www.kramakrama.com\/de\/wp-json\/wp\/v2\/media\/7067"}],"wp:attachment":[{"href":"https:\/\/www.kramakrama.com\/de\/wp-json\/wp\/v2\/media?parent=4966"}],"wp:term":[{"taxonomy":"product_brand","embeddable":true,"href":"https:\/\/www.kramakrama.com\/de\/wp-json\/wp\/v2\/product_brand?post=4966"},{"taxonomy":"product_cat","embeddable":true,"href":"https:\/\/www.kramakrama.com\/de\/wp-json\/wp\/v2\/product_cat?post=4966"},{"taxonomy":"product_tag","embeddable":true,"href":"https:\/\/www.kramakrama.com\/de\/wp-json\/wp\/v2\/product_tag?post=4966"}],"curies":[{"name":"wp","href":"https:\/\/api.w.org\/{rel}","templated":true}]}}