{"id":72,"date":"2015-07-19T23:17:29","date_gmt":"2015-07-19T21:17:29","guid":{"rendered":"http:\/\/www.kramakrama.com\/de\/?post_type=product&#038;p=72"},"modified":"2026-04-10T15:48:35","modified_gmt":"2026-04-10T13:48:35","slug":"schal-krama-stupa","status":"publish","type":"product","link":"https:\/\/www.kramakrama.com\/de\/shop\/schal-krama-stupa","title":{"rendered":"Krama Schal Stupa"},"content":{"rendered":"<p><strong>Krama Stupa, nach dem \u00e4ltesten religi\u00f6sen Bauwerk des Buddhismus benannt<\/strong><\/p>\n<p>Die Stupa, eine vom Buddhismus inspirierte architektonische Struktur, in der Reliquien und Gegenst\u00e4nde, die ehemals Besitz des Buddha waren, symbolisiert Buddha und das Universum. Stupas sind in Oudong und innerhalb der Anlage des K\u00f6nigspalastes in Phnom Penh anzufinden.<\/p>\n","protected":false},"excerpt":{"rendered":"<p>Mit seinen hellen Grau- und Blaut\u00f6nen passt der <strong>Krama Stupa<\/strong> besonders gut zu Ihrer Fr\u00fchlings- oder Herbstgarderobe. Sein Gewebe sch\u00fctzt Sie an k\u00fchleren Tagen, auch wenn Sie nur eine leichte Kleidung tragen. Er ist besonders leicht und f\u00fchlt sich sehr angenehm an, so dass Sie ihn bestimmt bald nicht mehr missen m\u00f6chten.<\/p>\n<p><strong>Material Oberstoff<\/strong> : 100% Baumwolle<br \/>\n<strong>Gr\u00f6\u00dfe<\/strong> : 170 x 55 cm<br \/>\n<strong>Herstellung in Handarbeit von unseren Partner-NGOs in Kambodscha<\/strong><\/p>\n","protected":false},"featured_media":6647,"comment_status":"open","ping_status":"closed","template":"","meta":[],"product_brand":[],"product_cat":[11],"product_tag":[],"class_list":{"0":"post-72","1":"product","2":"type-product","3":"status-publish","4":"has-post-thumbnail","6":"product_cat-krama-tempel-von-angkor","8":"first","9":"instock","10":"shipping-taxable","11":"purchasable","12":"product-type-simple"},"yoast_head":"<!-- This site is optimized with the Yoast SEO plugin v27.4 - https:\/\/yoast.com\/product\/yoast-seo-wordpress\/ -->\n<title>Schal krama Stupa<\/title>\n<meta name=\"robots\" content=\"index, follow, max-snippet:-1, max-image-preview:large, max-video-preview:-1\" \/>\n<link rel=\"canonical\" href=\"https:\/\/www.kramakrama.com\/de\/shop\/schal-krama-stupa\" \/>\n<meta property=\"og:locale\" content=\"de_DE\" \/>\n<meta property=\"og:type\" content=\"article\" \/>\n<meta property=\"og:title\" content=\"Schal krama Stupa\" \/>\n<meta property=\"og:description\" content=\"Mit seinen hellen Grau- und Blaut\u00f6nen passt der Krama Stupa besonders gut zu Ihrer Fr\u00fchlings- oder Herbstgarderobe. Sein Gewebe sch\u00fctzt Sie an k\u00fchleren Tagen, auch wenn Sie nur eine leichte Kleidung tragen. Er ist besonders leicht und f\u00fchlt sich sehr angenehm an, so dass Sie ihn bestimmt bald nicht mehr missen m\u00f6chten.  Material Oberstoff : 100% Baumwolle Gr\u00f6\u00dfe : 170 x 55 cm Herstellung in Handarbeit von unseren Partner-NGOs in Kambodscha\" \/>\n<meta property=\"og:url\" content=\"https:\/\/www.kramakrama.com\/de\/shop\/schal-krama-stupa\" \/>\n<meta property=\"og:site_name\" content=\"Krama Krama\" \/>\n<meta property=\"article:modified_time\" content=\"2026-04-10T13:48:35+00:00\" \/>\n<meta property=\"og:image\" content=\"https:\/\/www.kramakrama.com\/de\/wp-content\/uploads\/2015\/07\/krama-blau-stupa-2025.jpg\" \/>\n\t<meta property=\"og:image:width\" content=\"1000\" \/>\n\t<meta property=\"og:image:height\" content=\"1140\" \/>\n\t<meta property=\"og:image:type\" content=\"image\/jpeg\" \/>\n<meta name=\"twitter:card\" content=\"summary_large_image\" \/>\n<meta name=\"twitter:label1\" content=\"Gesch\u00e4tzte Lesezeit\" \/>\n\t<meta name=\"twitter:data1\" content=\"1\u00a0Minute\" \/>\n<script type=\"application\/ld+json\" class=\"yoast-schema-graph\">{\"@context\":\"https:\\\/\\\/schema.org\",\"@graph\":[{\"@type\":\"WebPage\",\"@id\":\"https:\\\/\\\/www.kramakrama.com\\\/de\\\/shop\\\/schal-krama-stupa\",\"url\":\"https:\\\/\\\/www.kramakrama.com\\\/de\\\/shop\\\/schal-krama-stupa\",\"name\":\"Schal krama Stupa\",\"isPartOf\":{\"@id\":\"https:\\\/\\\/www.kramakrama.com\\\/de\\\/#website\"},\"primaryImageOfPage\":{\"@id\":\"https:\\\/\\\/www.kramakrama.com\\\/de\\\/shop\\\/schal-krama-stupa#primaryimage\"},\"image\":{\"@id\":\"https:\\\/\\\/www.kramakrama.com\\\/de\\\/shop\\\/schal-krama-stupa#primaryimage\"},\"thumbnailUrl\":\"https:\\\/\\\/www.kramakrama.com\\\/de\\\/wp-content\\\/uploads\\\/2015\\\/07\\\/krama-blau-stupa-2025.jpg\",\"datePublished\":\"2015-07-19T21:17:29+00:00\",\"dateModified\":\"2026-04-10T13:48:35+00:00\",\"breadcrumb\":{\"@id\":\"https:\\\/\\\/www.kramakrama.com\\\/de\\\/shop\\\/schal-krama-stupa#breadcrumb\"},\"inLanguage\":\"de\",\"potentialAction\":[{\"@type\":\"ReadAction\",\"target\":[\"https:\\\/\\\/www.kramakrama.com\\\/de\\\/shop\\\/schal-krama-stupa\"]}]},{\"@type\":\"ImageObject\",\"inLanguage\":\"de\",\"@id\":\"https:\\\/\\\/www.kramakrama.com\\\/de\\\/shop\\\/schal-krama-stupa#primaryimage\",\"url\":\"https:\\\/\\\/www.kramakrama.com\\\/de\\\/wp-content\\\/uploads\\\/2015\\\/07\\\/krama-blau-stupa-2025.jpg\",\"contentUrl\":\"https:\\\/\\\/www.kramakrama.com\\\/de\\\/wp-content\\\/uploads\\\/2015\\\/07\\\/krama-blau-stupa-2025.jpg\",\"width\":1000,\"height\":1140,\"caption\":\"schal krama stupa\"},{\"@type\":\"BreadcrumbList\",\"@id\":\"https:\\\/\\\/www.kramakrama.com\\\/de\\\/shop\\\/schal-krama-stupa#breadcrumb\",\"itemListElement\":[{\"@type\":\"ListItem\",\"position\":1,\"name\":\"Accueil\",\"item\":\"https:\\\/\\\/www.kramakrama.com\\\/de\\\/\"},{\"@type\":\"ListItem\",\"position\":2,\"name\":\"Shop\",\"item\":\"https:\\\/\\\/www.kramakrama.com\\\/de\\\/shop\"},{\"@type\":\"ListItem\",\"position\":3,\"name\":\"Krama Schal Stupa\"}]},{\"@type\":\"WebSite\",\"@id\":\"https:\\\/\\\/www.kramakrama.com\\\/de\\\/#website\",\"url\":\"https:\\\/\\\/www.kramakrama.com\\\/de\\\/\",\"name\":\"Krama Krama\",\"description\":\"\",\"potentialAction\":[{\"@type\":\"SearchAction\",\"target\":{\"@type\":\"EntryPoint\",\"urlTemplate\":\"https:\\\/\\\/www.kramakrama.com\\\/de\\\/?s={search_term_string}\"},\"query-input\":{\"@type\":\"PropertyValueSpecification\",\"valueRequired\":true,\"valueName\":\"search_term_string\"}}],\"inLanguage\":\"de\"}]}<\/script>\n<!-- \/ Yoast SEO plugin. -->","yoast_head_json":{"title":"Schal krama Stupa","robots":{"index":"index","follow":"follow","max-snippet":"max-snippet:-1","max-image-preview":"max-image-preview:large","max-video-preview":"max-video-preview:-1"},"canonical":"https:\/\/www.kramakrama.com\/de\/shop\/schal-krama-stupa","og_locale":"de_DE","og_type":"article","og_title":"Schal krama Stupa","og_description":"Mit seinen hellen Grau- und Blaut\u00f6nen passt der Krama Stupa besonders gut zu Ihrer Fr\u00fchlings- oder Herbstgarderobe. Sein Gewebe sch\u00fctzt Sie an k\u00fchleren Tagen, auch wenn Sie nur eine leichte Kleidung tragen. Er ist besonders leicht und f\u00fchlt sich sehr angenehm an, so dass Sie ihn bestimmt bald nicht mehr missen m\u00f6chten.  Material Oberstoff : 100% Baumwolle Gr\u00f6\u00dfe : 170 x 55 cm Herstellung in Handarbeit von unseren Partner-NGOs in Kambodscha","og_url":"https:\/\/www.kramakrama.com\/de\/shop\/schal-krama-stupa","og_site_name":"Krama Krama","article_modified_time":"2026-04-10T13:48:35+00:00","og_image":[{"width":1000,"height":1140,"url":"https:\/\/www.kramakrama.com\/de\/wp-content\/uploads\/2015\/07\/krama-blau-stupa-2025.jpg","type":"image\/jpeg"}],"twitter_card":"summary_large_image","twitter_misc":{"Gesch\u00e4tzte Lesezeit":"1\u00a0Minute"},"schema":{"@context":"https:\/\/schema.org","@graph":[{"@type":"WebPage","@id":"https:\/\/www.kramakrama.com\/de\/shop\/schal-krama-stupa","url":"https:\/\/www.kramakrama.com\/de\/shop\/schal-krama-stupa","name":"Schal krama Stupa","isPartOf":{"@id":"https:\/\/www.kramakrama.com\/de\/#website"},"primaryImageOfPage":{"@id":"https:\/\/www.kramakrama.com\/de\/shop\/schal-krama-stupa#primaryimage"},"image":{"@id":"https:\/\/www.kramakrama.com\/de\/shop\/schal-krama-stupa#primaryimage"},"thumbnailUrl":"https:\/\/www.kramakrama.com\/de\/wp-content\/uploads\/2015\/07\/krama-blau-stupa-2025.jpg","datePublished":"2015-07-19T21:17:29+00:00","dateModified":"2026-04-10T13:48:35+00:00","breadcrumb":{"@id":"https:\/\/www.kramakrama.com\/de\/shop\/schal-krama-stupa#breadcrumb"},"inLanguage":"de","potentialAction":[{"@type":"ReadAction","target":["https:\/\/www.kramakrama.com\/de\/shop\/schal-krama-stupa"]}]},{"@type":"ImageObject","inLanguage":"de","@id":"https:\/\/www.kramakrama.com\/de\/shop\/schal-krama-stupa#primaryimage","url":"https:\/\/www.kramakrama.com\/de\/wp-content\/uploads\/2015\/07\/krama-blau-stupa-2025.jpg","contentUrl":"https:\/\/www.kramakrama.com\/de\/wp-content\/uploads\/2015\/07\/krama-blau-stupa-2025.jpg","width":1000,"height":1140,"caption":"schal krama stupa"},{"@type":"BreadcrumbList","@id":"https:\/\/www.kramakrama.com\/de\/shop\/schal-krama-stupa#breadcrumb","itemListElement":[{"@type":"ListItem","position":1,"name":"Accueil","item":"https:\/\/www.kramakrama.com\/de\/"},{"@type":"ListItem","position":2,"name":"Shop","item":"https:\/\/www.kramakrama.com\/de\/shop"},{"@type":"ListItem","position":3,"name":"Krama Schal Stupa"}]},{"@type":"WebSite","@id":"https:\/\/www.kramakrama.com\/de\/#website","url":"https:\/\/www.kramakrama.com\/de\/","name":"Krama Krama","description":"","potentialAction":[{"@type":"SearchAction","target":{"@type":"EntryPoint","urlTemplate":"https:\/\/www.kramakrama.com\/de\/?s={search_term_string}"},"query-input":{"@type":"PropertyValueSpecification","valueRequired":true,"valueName":"search_term_string"}}],"inLanguage":"de"}]}},"_links":{"self":[{"href":"https:\/\/www.kramakrama.com\/de\/wp-json\/wp\/v2\/product\/72","targetHints":{"allow":["GET"]}}],"collection":[{"href":"https:\/\/www.kramakrama.com\/de\/wp-json\/wp\/v2\/product"}],"about":[{"href":"https:\/\/www.kramakrama.com\/de\/wp-json\/wp\/v2\/types\/product"}],"replies":[{"embeddable":true,"href":"https:\/\/www.kramakrama.com\/de\/wp-json\/wp\/v2\/comments?post=72"}],"version-history":[{"count":2,"href":"https:\/\/www.kramakrama.com\/de\/wp-json\/wp\/v2\/product\/72\/revisions"}],"predecessor-version":[{"id":7586,"href":"https:\/\/www.kramakrama.com\/de\/wp-json\/wp\/v2\/product\/72\/revisions\/7586"}],"wp:featuredmedia":[{"embeddable":true,"href":"https:\/\/www.kramakrama.com\/de\/wp-json\/wp\/v2\/media\/6647"}],"wp:attachment":[{"href":"https:\/\/www.kramakrama.com\/de\/wp-json\/wp\/v2\/media?parent=72"}],"wp:term":[{"taxonomy":"product_brand","embeddable":true,"href":"https:\/\/www.kramakrama.com\/de\/wp-json\/wp\/v2\/product_brand?post=72"},{"taxonomy":"product_cat","embeddable":true,"href":"https:\/\/www.kramakrama.com\/de\/wp-json\/wp\/v2\/product_cat?post=72"},{"taxonomy":"product_tag","embeddable":true,"href":"https:\/\/www.kramakrama.com\/de\/wp-json\/wp\/v2\/product_tag?post=72"}],"curies":[{"name":"wp","href":"https:\/\/api.w.org\/{rel}","templated":true}]}}